{"id":2063,"date":"2025-10-03T11:58:52","date_gmt":"2025-10-03T11:58:52","guid":{"rendered":"https:\/\/balidecor.net\/?page_id=2063"},"modified":"2025-11-22T07:13:10","modified_gmt":"2025-11-22T07:13:10","slug":"taraflar","status":"publish","type":"page","link":"https:\/\/balidecor.net\/en\/taraflar\/","title":{"rendered":"TARAFLAR"},"content":{"rendered":"<div data-elementor-type=\"wp-page\" data-elementor-id=\"2063\" class=\"elementor elementor-2063\" data-elementor-settings=\"{&quot;ha_cmc_init_switcher&quot;:&quot;no&quot;}\" data-elementor-post-type=\"page\">\n\t\t\t\t<div class=\"elementor-element elementor-element-69cffb8 e-flex e-con-boxed e-con e-parent\" data-id=\"69cffb8\" data-element_type=\"container\" data-settings=\"{&quot;_ha_eqh_enable&quot;:false}\">\n\t\t\t\t\t<div class=\"e-con-inner\">\n\t\t\t\t<div class=\"elementor-element elementor-element-580b2a9 elementor-widget elementor-widget-image\" data-id=\"580b2a9\" data-element_type=\"widget\" data-widget_type=\"image.default\">\n\t\t\t\t<div class=\"elementor-widget-container\">\n\t\t\t\t\t\t\t\t\t\t\t\t\t\t\t<img fetchpriority=\"high\" decoding=\"async\" width=\"800\" height=\"533\" src=\"https:\/\/balidecor.net\/wp-content\/uploads\/2025\/10\/pexels-markus-winkler-1430818-4152508-1024x682.jpg\" class=\"attachment-large size-large wp-image-2090\" alt=\"\" srcset=\"https:\/\/balidecor.net\/wp-content\/uploads\/2025\/10\/pexels-markus-winkler-1430818-4152508-1024x682.jpg 1024w, https:\/\/balidecor.net\/wp-content\/uploads\/2025\/10\/pexels-markus-winkler-1430818-4152508-300x200.jpg 300w, https:\/\/balidecor.net\/wp-content\/uploads\/2025\/10\/pexels-markus-winkler-1430818-4152508-768x512.jpg 768w, https:\/\/balidecor.net\/wp-content\/uploads\/2025\/10\/pexels-markus-winkler-1430818-4152508-600x400.jpg 600w, https:\/\/balidecor.net\/wp-content\/uploads\/2025\/10\/pexels-markus-winkler-1430818-4152508.jpg 1280w\" sizes=\"(max-width: 800px) 100vw, 800px\" \/>\t\t\t\t\t\t\t\t\t\t\t\t\t\t\t<\/div>\n\t\t\t\t<\/div>\n\t\t\t\t<div class=\"elementor-element elementor-element-3527eec elementor-widget elementor-widget-heading\" data-id=\"3527eec\" data-element_type=\"widget\" data-widget_type=\"heading.default\">\n\t\t\t\t<div class=\"elementor-widget-container\">\n\t\t\t\t\t<h2 class=\"elementor-heading-title elementor-size-default\">Mesafeli Sat\u0131\u015f S\u00f6zle\u015fmesi<\/h2>\t\t\t\t<\/div>\n\t\t\t\t<\/div>\n\t\t\t\t<div class=\"elementor-element elementor-element-0e4a510 elementor-widget elementor-widget-text-editor\" data-id=\"0e4a510\" data-element_type=\"widget\" data-widget_type=\"text-editor.default\">\n\t\t\t\t<div class=\"elementor-widget-container\">\n\t\t\t\t\t\t\t\t\t<p>\u0130\u015fbu s\u00f6zle\u015fme, a\u015fa\u011f\u0131da bilgileri yer alan SATICI ve ALICI aras\u0131nda 6502 say\u0131l\u0131 T\u00fcketicinin Korunmas\u0131 Hakk\u0131nda Kanun ve Mesafeli S\u00f6zle\u015fmeler Y\u00f6netmeli\u011fi\u2019ne uygun olarak elektronik ortamda kurulmu\u015ftur.<\/p><p>Sat\u0131c\u0131 (Hizmet Sa\u011flay\u0131c\u0131) Bilgileri<\/p><ul><li>\u2002\u2002\u2002\u2002\u2002Unvan: Bali Decor<\/li><li>\u2002\u2002\u2002\u2002\u2002Adres: Kartaltepe mahallesi Ru\u015fen Bey sokak no:14\/B Bak\u0131rk\u00f6y \u0130stanbul T\u00fcrkiye<\/li><li>Telefon: 00905325633795<\/li><li>E-posta: <a href=\"mailto:info@balidecor.net\">info@balidecor.net<\/a><\/li><li>MERS\u0130S No: 0925076745900001<\/li><\/ul><p>\u00a0<\/p><p>Vergi Dairesi \u2013 Bak\u0131rk\u00f6y<\/p><p>Vergi No: 9250767459<\/p><p>Al\u0131c\u0131 (M\u00fc\u015fteri) Bilgileri<\/p><ul><li>\u2002\u2002\u2002\u2002\u2002Ad\/Soyad: [Sistemden otomatik \u00e7ekilecektir]<\/li><li>\u2002\u2002\u2002\u2002\u2002Adres: [Sistemden otomatik \u00e7ekilecektir]<\/li><li>\u2002\u2002\u2002\u2002\u2002Telefon \/ E-posta: [Sistemden otomatik \u00e7ekilecektir]<\/li><\/ul><p>\u00a0<\/p><p>MADDE 2 &#8211; S\u00d6ZLE\u015eMEN\u0130N KONUSU<\/p><p>\u0130\u015fbu s\u00f6zle\u015fmenin konusu, ALICI\u2019n\u0131n SATICI\u2019ya ait [<a href=\"http:\/\/balidecor.net\">balidecor.net<\/a>] internet sitesi \u00fczerinden elektronik ortamda sipari\u015fini verdi\u011fi \u00fcr\u00fcn\/\u00fcr\u00fcnlerin sat\u0131\u015f\u0131 ve teslimi ile ilgili olarak 6502 say\u0131l\u0131 Kanun ve Mesafeli S\u00f6zle\u015fmeler Y\u00f6netmeli\u011fi h\u00fck\u00fcmleri gere\u011fince taraflar\u0131n hak ve y\u00fck\u00fcml\u00fcl\u00fcklerinin belirlenmesidir.<\/p><p>\u00a0<\/p><p>MADDE 3 &#8211; \u00dcR\u00dcN B\u0130LG\u0130LER\u0130<\/p><p>\u00dcr\u00fcn(ler)in cinsi, t\u00fcr\u00fc, miktar\u0131, marka\/modeli, rengi, sat\u0131\u015f bedeli, \u00f6deme \u015fekli ve teslimat bilgileri sipari\u015fin tamamlanmas\u0131 s\u0131ras\u0131nda ALICI taraf\u0131ndan onaylanan bilgilerde yer almaktad\u0131r.<\/p><p>\u00a0<\/p><p>MADDE 4 &#8211; TESL\u0130MAT VE \u0130FA<\/p><p>\u2002\u2002\u2002\u2002\u2002\u20021.\u2002\u2002\u2002\u2002\u00dcr\u00fcn(ler), ALICI\u2019n\u0131n sipari\u015f s\u0131ras\u0131nda bildirdi\u011fi adrese, anla\u015fmal\u0131 kargo \u015firketi arac\u0131l\u0131\u011f\u0131yla teslim edilir.<\/p><p>\u2002\u2002\u2002\u2002\u2002\u20022.\u2002\u2002\u2002\u2002Teslimat s\u00fcresi, sipari\u015f onay\u0131 ve \u00f6deme tamamland\u0131ktan sonra en ge\u00e7 3 (\u00fc\u00e7) g\u00fcn i\u00e7erisindedir.<\/p><p>\u2002\u2002\u2002\u2002\u2002\u20023.\u2002\u2002\u2002\u2002SATICI, hakl\u0131 gerek\u00e7elerle ayn\u0131 kalite ve fiyatta farkl\u0131 \u00fcr\u00fcn tedarik edebilir.<\/p><p>\u00a0<\/p><p>MADDE 5 &#8211; CAYMA HAKKI<\/p><p>\u2002\u2002\u2002\u2002\u2002\u20021.\u2002\u2002\u2002\u2002ALICI, \u00fcr\u00fcn\u00fc teslim ald\u0131\u011f\u0131 tarihten itibaren 14 (on d\u00f6rt) g\u00fcn i\u00e7inde herhangi bir gerek\u00e7e g\u00f6stermeksizin ve cezai \u015fart \u00f6demeksizin cayma hakk\u0131na sahiptir.<\/p><p>\u2002\u2002\u2002\u2002\u2002\u20022.\u2002\u2002\u2002\u2002Cayma hakk\u0131n\u0131n kullan\u0131lmas\u0131 i\u00e7in bu s\u00fcre i\u00e7inde SATICI\u2019ya yaz\u0131l\u0131 bildirim yap\u0131lmas\u0131 gerekmektedir.<\/p><p>\u2002\u2002\u2002\u2002\u2002\u20023.\u2002\u2002\u2002\u2002Cayma hakk\u0131 kapsam\u0131nda iade edilecek \u00fcr\u00fcn\u00fcn kullan\u0131lmam\u0131\u015f, ambalaj\u0131n\u0131n bozulmam\u0131\u015f ve tekrar sat\u0131labilir nitelikte olmas\u0131 \u015fartt\u0131r.<\/p><p>\u2002\u2002\u2002\u2002\u2002\u20024.\u2002\u2002\u2002\u2002Cayma hakk\u0131 kapsam\u0131nda iade edilen \u00fcr\u00fcn\u00fcn kargo bedeli \u00a0ALICI taraf\u0131ndan kar\u015f\u0131lanacakt\u0131r.<\/p><p>\u00a0<\/p><p>MADDE 6 &#8211; CAYMA HAKKI KULLANILAMAYACAK \u00dcR\u00dcNLER<\/p><p>T\u00fcketici Mevzuat\u0131 gere\u011fi;<\/p><ul><li>\u2002\u2002\u2002\u2002\u2002ALICI\u2019n\u0131n ki\u015fisel istekleri veya a\u00e7\u0131k\u00e7a onun ki\u015fisel ihtiya\u00e7lar\u0131 do\u011frultusunda haz\u0131rlanan \u00fcr\u00fcnler,<\/li><li>\u2002\u2002\u2002\u2002\u2002\u0130ade edilmesi hijyen a\u00e7\u0131s\u0131ndan uygun olmayan \u00fcr\u00fcnler (\u00f6r: kullan\u0131lm\u0131\u015f tekstil, ki\u015fisel bak\u0131m \u00fcr\u00fcnleri),<\/li><li>\u2002\u2002\u2002\u2002\u2002H\u0131zla bozulma tehlikesi olan veya son kullanma tarihi ge\u00e7en \u00fcr\u00fcnler, iade edilemez.<\/li><\/ul><p>\u00a0<\/p><p>MADDE 7 &#8211; \u00dcCRET VE \u00d6DEME<\/p><p>\u2002\u2002\u2002\u2002\u2002\u20021.\u2002\u2002\u2002\u2002\u00dcr\u00fcnlerin sat\u0131\u015f fiyat\u0131, sipari\u015fin verildi\u011fi tarihte internet sitesinde ilan edilen fiyat\u0131d\u0131r.<\/p><p>\u2002\u2002\u2002\u2002\u2002\u20022.\u2002\u2002\u2002\u2002\u00d6deme kredi kart\u0131, banka havalesi veya sistemde belirtilen di\u011fer y\u00f6ntemlerle yap\u0131labilir.<\/p><p>\u2002\u2002\u2002\u2002\u2002\u20023.\u2002\u2002\u2002\u2002ALICI, \u00f6deme yapmadan \u00fcr\u00fcn teslimi talep edemez.<\/p><p>\u00a0<\/p><p>MADDE 8 &#8211; UYU\u015eMAZLIKLARIN \u00c7\u00d6Z\u00dcM\u00dc<\/p><p>\u0130\u015fbu s\u00f6zle\u015fmeden do\u011fabilecek uyu\u015fmazl\u0131klarda, Ticaret Bakanl\u0131\u011f\u0131 taraf\u0131ndan ilan edilen de\u011fere kadar T\u00fcketici Hakem Heyetleri, bu de\u011ferin \u00fczerindeki uyu\u015fmazl\u0131klarda ise T\u00fcketici Mahkemeleri yetkilidir.<\/p><p>\u00a0<\/p><p>MADDE 9 &#8211; Y\u00dcR\u00dcRL\u00dcK<\/p><p>ALICI, [Balidecor.net] \u00fczerinden verdi\u011fi sipari\u015fe ait \u00f6demeyi ger\u00e7ekle\u015ftirdi\u011finde i\u015fbu s\u00f6zle\u015fmenin t\u00fcm ko\u015fullar\u0131n\u0131 kabul etmi\u015f say<\/p>\t\t\t\t\t\t\t\t<\/div>\n\t\t\t\t<\/div>\n\t\t\t\t\t<\/div>\n\t\t\t\t<\/div>\n\t\t\t\t<\/div>","protected":false},"excerpt":{"rendered":"<p>Mesafeli Sat\u0131\u015f S\u00f6zle\u015fmesi \u0130\u015fbu s\u00f6zle\u015fme, a\u015fa\u011f\u0131da bilgileri yer alan SATICI ve ALICI aras\u0131nda 6502 say\u0131l\u0131 T\u00fcketicinin Korunmas\u0131 Hakk\u0131nda Kanun ve Mesafeli S\u00f6zle\u015fmeler Y\u00f6netmeli\u011fi\u2019ne uygun olarak elektronik ortamda kurulmu\u015ftur. Sat\u0131c\u0131 (Hizmet Sa\u011flay\u0131c\u0131) Bilgileri \u2002\u2002\u2002\u2002\u2002Unvan: Bali Decor \u2002\u2002\u2002\u2002\u2002Adres: Kartaltepe mahallesi Ru\u015fen Bey sokak no:14\/B Bak\u0131rk\u00f6y \u0130stanbul T\u00fcrkiye Telefon: 00905325633795 E-posta: info@balidecor.net MERS\u0130S No: 0925076745900001 \u00a0 Vergi Dairesi [&hellip;]<\/p>","protected":false},"author":6,"featured_media":0,"parent":0,"menu_order":0,"comment_status":"closed","ping_status":"closed","template":"elementor_header_footer","meta":{"_monsterinsights_skip_tracking":false,"_monsterinsights_sitenote_active":false,"_monsterinsights_sitenote_note":"","_monsterinsights_sitenote_category":0,"footnotes":""},"class_list":["post-2063","page","type-page","status-publish","hentry"],"yoast_head":"<!-- This site is optimized with the Yoast SEO plugin v26.7 - https:\/\/yoast.com\/wordpress\/plugins\/seo\/ -->\n<title>TARAFLAR - Bali Decor<\/title>\n<meta name=\"robots\" content=\"index, follow, max-snippet:-1, max-image-preview:large, max-video-preview:-1\" \/>\n<link rel=\"canonical\" href=\"https:\/\/balidecor.net\/en\/taraflar\/\" \/>\n<meta property=\"og:locale\" content=\"en_US\" \/>\n<meta property=\"og:type\" content=\"article\" \/>\n<meta property=\"og:title\" content=\"TARAFLAR - Bali Decor\" \/>\n<meta property=\"og:description\" content=\"Mesafeli Sat\u0131\u015f S\u00f6zle\u015fmesi \u0130\u015fbu s\u00f6zle\u015fme, a\u015fa\u011f\u0131da bilgileri yer alan SATICI ve ALICI aras\u0131nda 6502 say\u0131l\u0131 T\u00fcketicinin Korunmas\u0131 Hakk\u0131nda Kanun ve Mesafeli S\u00f6zle\u015fmeler Y\u00f6netmeli\u011fi\u2019ne uygun olarak elektronik ortamda kurulmu\u015ftur. Sat\u0131c\u0131 (Hizmet Sa\u011flay\u0131c\u0131) Bilgileri \u2002\u2002\u2002\u2002\u2002Unvan: Bali Decor \u2002\u2002\u2002\u2002\u2002Adres: Kartaltepe mahallesi Ru\u015fen Bey sokak no:14\/B Bak\u0131rk\u00f6y \u0130stanbul T\u00fcrkiye Telefon: 00905325633795 E-posta: info@balidecor.net MERS\u0130S No: 0925076745900001 \u00a0 Vergi Dairesi [&hellip;]\" \/>\n<meta property=\"og:url\" content=\"https:\/\/balidecor.net\/en\/taraflar\/\" \/>\n<meta property=\"og:site_name\" content=\"Bali Decor\" \/>\n<meta property=\"article:modified_time\" content=\"2025-11-22T07:13:10+00:00\" \/>\n<meta property=\"og:image\" content=\"https:\/\/balidecor.net\/wp-content\/uploads\/2025\/10\/pexels-markus-winkler-1430818-4152508-1024x682.jpg\" \/>\n<meta name=\"twitter:card\" content=\"summary_large_image\" \/>\n<meta name=\"twitter:label1\" content=\"Est. reading time\" \/>\n\t<meta name=\"twitter:data1\" content=\"2 minutes\" \/>\n<script type=\"application\/ld+json\" class=\"yoast-schema-graph\">{\"@context\":\"https:\/\/schema.org\",\"@graph\":[{\"@type\":\"WebPage\",\"@id\":\"https:\/\/balidecor.net\/taraflar\/\",\"url\":\"https:\/\/balidecor.net\/taraflar\/\",\"name\":\"TARAFLAR - Bali Decor\",\"isPartOf\":{\"@id\":\"https:\/\/balidecor.net\/#website\"},\"primaryImageOfPage\":{\"@id\":\"https:\/\/balidecor.net\/taraflar\/#primaryimage\"},\"image\":{\"@id\":\"https:\/\/balidecor.net\/taraflar\/#primaryimage\"},\"thumbnailUrl\":\"https:\/\/balidecor.net\/wp-content\/uploads\/2025\/10\/pexels-markus-winkler-1430818-4152508-1024x682.jpg\",\"datePublished\":\"2025-10-03T11:58:52+00:00\",\"dateModified\":\"2025-11-22T07:13:10+00:00\",\"breadcrumb\":{\"@id\":\"https:\/\/balidecor.net\/taraflar\/#breadcrumb\"},\"inLanguage\":\"en-US\",\"potentialAction\":[{\"@type\":\"ReadAction\",\"target\":[\"https:\/\/balidecor.net\/taraflar\/\"]}]},{\"@type\":\"ImageObject\",\"inLanguage\":\"en-US\",\"@id\":\"https:\/\/balidecor.net\/taraflar\/#primaryimage\",\"url\":\"https:\/\/balidecor.net\/wp-content\/uploads\/2025\/10\/pexels-markus-winkler-1430818-4152508-1024x682.jpg\",\"contentUrl\":\"https:\/\/balidecor.net\/wp-content\/uploads\/2025\/10\/pexels-markus-winkler-1430818-4152508-1024x682.jpg\"},{\"@type\":\"BreadcrumbList\",\"@id\":\"https:\/\/balidecor.net\/taraflar\/#breadcrumb\",\"itemListElement\":[{\"@type\":\"ListItem\",\"position\":1,\"name\":\"Ev\",\"item\":\"https:\/\/balidecor.net\/\"},{\"@type\":\"ListItem\",\"position\":2,\"name\":\"TARAFLAR\"}]},{\"@type\":\"WebSite\",\"@id\":\"https:\/\/balidecor.net\/#website\",\"url\":\"https:\/\/balidecor.net\/\",\"name\":\"Bali Decor\",\"description\":\"\",\"publisher\":{\"@id\":\"https:\/\/balidecor.net\/#organization\"},\"potentialAction\":[{\"@type\":\"SearchAction\",\"target\":{\"@type\":\"EntryPoint\",\"urlTemplate\":\"https:\/\/balidecor.net\/?s={search_term_string}\"},\"query-input\":{\"@type\":\"PropertyValueSpecification\",\"valueRequired\":true,\"valueName\":\"search_term_string\"}}],\"inLanguage\":\"en-US\"},{\"@type\":\"Organization\",\"@id\":\"https:\/\/balidecor.net\/#organization\",\"name\":\"Bali Decor\",\"url\":\"https:\/\/balidecor.net\/\",\"logo\":{\"@type\":\"ImageObject\",\"inLanguage\":\"en-US\",\"@id\":\"https:\/\/balidecor.net\/#\/schema\/logo\/image\/\",\"url\":\"https:\/\/balidecor.net\/wp-content\/uploads\/2024\/02\/cropped-cropped-cropped-Rectangle-3-1-1-2.png\",\"contentUrl\":\"https:\/\/balidecor.net\/wp-content\/uploads\/2024\/02\/cropped-cropped-cropped-Rectangle-3-1-1-2.png\",\"width\":149,\"height\":109,\"caption\":\"Bali Decor\"},\"image\":{\"@id\":\"https:\/\/balidecor.net\/#\/schema\/logo\/image\/\"},\"sameAs\":[\"https:\/\/www.instagram.com\/baliidecor\"]}]}<\/script>\n<!-- \/ Yoast SEO plugin. -->","yoast_head_json":{"title":"TARAFLAR - Bali Decor","robots":{"index":"index","follow":"follow","max-snippet":"max-snippet:-1","max-image-preview":"max-image-preview:large","max-video-preview":"max-video-preview:-1"},"canonical":"https:\/\/balidecor.net\/en\/taraflar\/","og_locale":"en_US","og_type":"article","og_title":"TARAFLAR - Bali Decor","og_description":"Mesafeli Sat\u0131\u015f S\u00f6zle\u015fmesi \u0130\u015fbu s\u00f6zle\u015fme, a\u015fa\u011f\u0131da bilgileri yer alan SATICI ve ALICI aras\u0131nda 6502 say\u0131l\u0131 T\u00fcketicinin Korunmas\u0131 Hakk\u0131nda Kanun ve Mesafeli S\u00f6zle\u015fmeler Y\u00f6netmeli\u011fi\u2019ne uygun olarak elektronik ortamda kurulmu\u015ftur. Sat\u0131c\u0131 (Hizmet Sa\u011flay\u0131c\u0131) Bilgileri \u2002\u2002\u2002\u2002\u2002Unvan: Bali Decor \u2002\u2002\u2002\u2002\u2002Adres: Kartaltepe mahallesi Ru\u015fen Bey sokak no:14\/B Bak\u0131rk\u00f6y \u0130stanbul T\u00fcrkiye Telefon: 00905325633795 E-posta: info@balidecor.net MERS\u0130S No: 0925076745900001 \u00a0 Vergi Dairesi [&hellip;]","og_url":"https:\/\/balidecor.net\/en\/taraflar\/","og_site_name":"Bali Decor","article_modified_time":"2025-11-22T07:13:10+00:00","og_image":[{"url":"https:\/\/balidecor.net\/wp-content\/uploads\/2025\/10\/pexels-markus-winkler-1430818-4152508-1024x682.jpg","type":"","width":"","height":""}],"twitter_card":"summary_large_image","twitter_misc":{"Est. reading time":"2 minutes"},"schema":{"@context":"https:\/\/schema.org","@graph":[{"@type":"WebPage","@id":"https:\/\/balidecor.net\/taraflar\/","url":"https:\/\/balidecor.net\/taraflar\/","name":"TARAFLAR - Bali Decor","isPartOf":{"@id":"https:\/\/balidecor.net\/#website"},"primaryImageOfPage":{"@id":"https:\/\/balidecor.net\/taraflar\/#primaryimage"},"image":{"@id":"https:\/\/balidecor.net\/taraflar\/#primaryimage"},"thumbnailUrl":"https:\/\/balidecor.net\/wp-content\/uploads\/2025\/10\/pexels-markus-winkler-1430818-4152508-1024x682.jpg","datePublished":"2025-10-03T11:58:52+00:00","dateModified":"2025-11-22T07:13:10+00:00","breadcrumb":{"@id":"https:\/\/balidecor.net\/taraflar\/#breadcrumb"},"inLanguage":"en-US","potentialAction":[{"@type":"ReadAction","target":["https:\/\/balidecor.net\/taraflar\/"]}]},{"@type":"ImageObject","inLanguage":"en-US","@id":"https:\/\/balidecor.net\/taraflar\/#primaryimage","url":"https:\/\/balidecor.net\/wp-content\/uploads\/2025\/10\/pexels-markus-winkler-1430818-4152508-1024x682.jpg","contentUrl":"https:\/\/balidecor.net\/wp-content\/uploads\/2025\/10\/pexels-markus-winkler-1430818-4152508-1024x682.jpg"},{"@type":"BreadcrumbList","@id":"https:\/\/balidecor.net\/taraflar\/#breadcrumb","itemListElement":[{"@type":"ListItem","position":1,"name":"Ev","item":"https:\/\/balidecor.net\/"},{"@type":"ListItem","position":2,"name":"TARAFLAR"}]},{"@type":"WebSite","@id":"https:\/\/balidecor.net\/#website","url":"https:\/\/balidecor.net\/","name":"Bali Decor","description":"","publisher":{"@id":"https:\/\/balidecor.net\/#organization"},"potentialAction":[{"@type":"SearchAction","target":{"@type":"EntryPoint","urlTemplate":"https:\/\/balidecor.net\/?s={search_term_string}"},"query-input":{"@type":"PropertyValueSpecification","valueRequired":true,"valueName":"search_term_string"}}],"inLanguage":"en-US"},{"@type":"Organization","@id":"https:\/\/balidecor.net\/#organization","name":"Bali Decor","url":"https:\/\/balidecor.net\/","logo":{"@type":"ImageObject","inLanguage":"en-US","@id":"https:\/\/balidecor.net\/#\/schema\/logo\/image\/","url":"https:\/\/balidecor.net\/wp-content\/uploads\/2024\/02\/cropped-cropped-cropped-Rectangle-3-1-1-2.png","contentUrl":"https:\/\/balidecor.net\/wp-content\/uploads\/2024\/02\/cropped-cropped-cropped-Rectangle-3-1-1-2.png","width":149,"height":109,"caption":"Bali Decor"},"image":{"@id":"https:\/\/balidecor.net\/#\/schema\/logo\/image\/"},"sameAs":["https:\/\/www.instagram.com\/baliidecor"]}]}},"_links":{"self":[{"href":"https:\/\/balidecor.net\/en\/wp-json\/wp\/v2\/pages\/2063","targetHints":{"allow":["GET"]}}],"collection":[{"href":"https:\/\/balidecor.net\/en\/wp-json\/wp\/v2\/pages"}],"about":[{"href":"https:\/\/balidecor.net\/en\/wp-json\/wp\/v2\/types\/page"}],"author":[{"embeddable":true,"href":"https:\/\/balidecor.net\/en\/wp-json\/wp\/v2\/users\/6"}],"replies":[{"embeddable":true,"href":"https:\/\/balidecor.net\/en\/wp-json\/wp\/v2\/comments?post=2063"}],"version-history":[{"count":31,"href":"https:\/\/balidecor.net\/en\/wp-json\/wp\/v2\/pages\/2063\/revisions"}],"predecessor-version":[{"id":2455,"href":"https:\/\/balidecor.net\/en\/wp-json\/wp\/v2\/pages\/2063\/revisions\/2455"}],"wp:attachment":[{"href":"https:\/\/balidecor.net\/en\/wp-json\/wp\/v2\/media?parent=2063"}],"curies":[{"name":"wp","href":"https:\/\/api.w.org\/{rel}","templated":true}]}}