{"id":2076,"date":"2025-10-03T12:06:48","date_gmt":"2025-10-03T12:06:48","guid":{"rendered":"https:\/\/balidecor.net\/?page_id=2076"},"modified":"2025-11-22T07:12:03","modified_gmt":"2025-11-22T07:12:03","slug":"shipping-and-cancellation","status":"publish","type":"page","link":"https:\/\/balidecor.net\/en\/shipping-and-cancellation\/","title":{"rendered":"Shipping and Cancellation"},"content":{"rendered":"<div data-elementor-type=\"wp-page\" data-elementor-id=\"2076\" class=\"elementor elementor-2076\" data-elementor-settings=\"{&quot;ha_cmc_init_switcher&quot;:&quot;no&quot;}\" data-elementor-post-type=\"page\">\n\t\t\t\t<div class=\"elementor-element elementor-element-69cffb8 e-flex e-con-boxed e-con e-parent\" data-id=\"69cffb8\" data-element_type=\"container\" data-settings=\"{&quot;_ha_eqh_enable&quot;:false}\">\n\t\t\t\t\t<div class=\"e-con-inner\">\n\t\t\t\t<div class=\"elementor-element elementor-element-8d7b842 elementor-widget elementor-widget-image\" data-id=\"8d7b842\" data-element_type=\"widget\" data-widget_type=\"image.default\">\n\t\t\t\t<div class=\"elementor-widget-container\">\n\t\t\t\t\t\t\t\t\t\t\t\t\t\t\t<img fetchpriority=\"high\" decoding=\"async\" width=\"800\" height=\"533\" src=\"https:\/\/balidecor.net\/wp-content\/uploads\/2025\/10\/pexels-norma-mortenson-4391476-1024x682.jpg\" class=\"attachment-large size-large wp-image-2089\" alt=\"\" srcset=\"https:\/\/balidecor.net\/wp-content\/uploads\/2025\/10\/pexels-norma-mortenson-4391476-1024x682.jpg 1024w, https:\/\/balidecor.net\/wp-content\/uploads\/2025\/10\/pexels-norma-mortenson-4391476-300x200.jpg 300w, https:\/\/balidecor.net\/wp-content\/uploads\/2025\/10\/pexels-norma-mortenson-4391476-768x512.jpg 768w, https:\/\/balidecor.net\/wp-content\/uploads\/2025\/10\/pexels-norma-mortenson-4391476-600x400.jpg 600w, https:\/\/balidecor.net\/wp-content\/uploads\/2025\/10\/pexels-norma-mortenson-4391476.jpg 1280w\" sizes=\"(max-width: 800px) 100vw, 800px\" \/>\t\t\t\t\t\t\t\t\t\t\t\t\t\t\t<\/div>\n\t\t\t\t<\/div>\n\t\t\t\t<div class=\"elementor-element elementor-element-3527eec elementor-widget elementor-widget-heading\" data-id=\"3527eec\" data-element_type=\"widget\" data-widget_type=\"heading.default\">\n\t\t\t\t<div class=\"elementor-widget-container\">\n\t\t\t\t\t<h2 class=\"elementor-heading-title elementor-size-default\">Teslimat ve Iptal g\u00fcn Bilgisi<\/h2>\t\t\t\t<\/div>\n\t\t\t\t<\/div>\n\t\t\t\t<div class=\"elementor-element elementor-element-0e4a510 elementor-widget elementor-widget-text-editor\" data-id=\"0e4a510\" data-element_type=\"widget\" data-widget_type=\"text-editor.default\">\n\t\t\t\t<div class=\"elementor-widget-container\">\n\t\t\t\t\t\t\t\t\t<p>Bali Decor olarak m\u00fc\u015fteri memnuniyetini \u00f6n planda tutuyor, sipari\u015flerinizin en h\u0131zl\u0131 ve g\u00fcvenli \u015fekilde size ula\u015fmas\u0131 i\u00e7in \u00f6zenle \u00e7al\u0131\u015f\u0131yoruz.<\/p><ol><li>Teslimat Bilgileri<\/li><\/ol><ul><li>\u2002\u2002\u2002\u2002\u2002Sipari\u015fleriniz, \u00f6deme onay\u0131 al\u0131nd\u0131ktan sonra 3-5 i\u015f g\u00fcn\u00fc i\u00e7erisinde kargoya teslim edilir.<\/li><li>\u2002\u2002\u2002\u2002\u2002\u00d6zel \u00fcretim veya ithalat \u00fcr\u00fcnlerinde teslimat s\u00fcresi de\u011fi\u015febilir; bu durumda m\u00fc\u015fteri bilgilendirilir.<\/li><li>\u2002\u2002\u2002\u2002\u2002T\u00fcm sipari\u015fler anla\u015fmal\u0131 kargo firmas\u0131 arac\u0131l\u0131\u011f\u0131yla adresinize g\u00f6nderilir.<\/li><li>\u2002\u2002\u2002\u2002\u2002Kargo \u00fccreti \u00fcr\u00fcn sayfas\u0131nda belirtilmi\u015ftir; kampanya d\u00f6nemlerinde belirli tutar \u00fczeri al\u0131\u015fveri\u015flerde \u00fccretsiz kargo uygulanabilir.<\/li><\/ul><ol start=\"2\"><li>Teslimat S\u0131ras\u0131nda Kontrol<\/li><\/ol><ul><li>\u2002\u2002\u2002\u2002\u2002Sipari\u015finizi teslim al\u0131rken kargo g\u00f6revlisi \u00f6n\u00fcnde paketi kontrol etmeniz tavsiye edilir.<\/li><li>\u2002\u2002\u2002\u2002\u2002\u00dcr\u00fcn hasarl\u0131 veya eksik ise kargo g\u00f6revlisine tutanak tutturarak \u00fcr\u00fcn\u00fc teslim almay\u0131n\u0131z ve bizimle derhal ileti\u015fime ge\u00e7iniz.<\/li><\/ul><ol start=\"3\"><li>\u0130ade ve De\u011fi\u015fim \u015eartlar\u0131<\/li><\/ol><ul><li>\u2002\u2002\u2002\u2002\u2002Mesafeli Sat\u0131\u015f S\u00f6zle\u015fmesi kapsam\u0131nda m\u00fc\u015fteriler, sipari\u015flerini teslim ald\u0131ktan sonra 14 g\u00fcn i\u00e7erisinde iade veya de\u011fi\u015fim talep edebilir.<\/li><li>\u2002\u2002\u2002\u2002\u2002\u0130ade edilecek \u00fcr\u00fcnlerin kullan\u0131lmam\u0131\u015f, hasars\u0131z ve orijinal ambalaj\u0131nda olmas\u0131 gerekir.<\/li><li>\u2002\u2002\u2002\u2002\u2002\u0130ade kargo \u00fccreti, \u00fcr\u00fcn ay\u0131pl\u0131\/hasarl\u0131 olmad\u0131\u011f\u0131 s\u00fcrece m\u00fc\u015fteriye aittir.<\/li><\/ul><p>\u0130ade adresi:Kartaltepe Ru\u015fen Bey sokak no14\/B Bak\u0131rk\u00f6y \u0130stanbul T\u00fcrkiye<\/p><p>\u0130ade kargo yap\u0131lacak firma:Yurti\u00e7i Kargo<\/p><ol start=\"4\"><li>\u0130ade S\u00fcreci<\/li><\/ol><ul><li>\u2002\u2002\u2002\u2002\u2002\u0130ade veya de\u011fi\u015fim talebi i\u00e7in <a href=\"mailto:info@balidecor.net\">info@balidecor.net<\/a> \u00fczerinden bizimle ileti\u015fime ge\u00e7meniz gerekmektedir.<\/li><li>\u2002\u2002\u2002\u2002\u2002\u00dcr\u00fcn taraf\u0131m\u0131za ula\u015ft\u0131ktan sonra gerekli inceleme yap\u0131l\u0131r ve iade ko\u015fullar\u0131na uygun bulunursa \u00f6demeniz en ge\u00e7 10 i\u015f g\u00fcn\u00fc i\u00e7inde taraf\u0131n\u0131za yap\u0131l\u0131r.<\/li><li>\u2002\u2002\u2002\u2002\u2002Kredi kart\u0131 ile yap\u0131lan \u00f6demelerde iade, bankan\u0131za ba\u011fl\u0131 olarak 1-10 i\u015f g\u00fcn\u00fc i\u00e7erisinde hesab\u0131n\u0131za yans\u0131r.<\/li><\/ul><ol start=\"5\"><li>De\u011fi\u015fim S\u00fcreci<\/li><\/ol><ul><li>\u2002\u2002\u2002\u2002\u2002\u0130ade yerine de\u011fi\u015fim talep etmeniz durumunda, stok durumuna g\u00f6re ayn\u0131 \u00fcr\u00fcn\u00fcn farkl\u0131 \u00f6l\u00e7\u00fc\/renk se\u00e7enekleri g\u00f6nderilebilir.<\/li><li>\u2002\u2002\u2002\u2002\u2002E\u011fer talep edilen \u00fcr\u00fcn stokta yoksa \u00fccret iadesi yap\u0131l\u0131r.<\/li><\/ul>\t\t\t\t\t\t\t\t<\/div>\n\t\t\t\t<\/div>\n\t\t\t\t\t<\/div>\n\t\t\t\t<\/div>\n\t\t\t\t<\/div>","protected":false},"excerpt":{"rendered":"<p>Teslimat ve Iptal g\u00fcn Bilgisi Bali Decor olarak m\u00fc\u015fteri memnuniyetini \u00f6n planda tutuyor, sipari\u015flerinizin en h\u0131zl\u0131 ve g\u00fcvenli \u015fekilde size ula\u015fmas\u0131 i\u00e7in \u00f6zenle \u00e7al\u0131\u015f\u0131yoruz. Teslimat Bilgileri \u2002\u2002\u2002\u2002\u2002Sipari\u015fleriniz, \u00f6deme onay\u0131 al\u0131nd\u0131ktan sonra 3-5 i\u015f g\u00fcn\u00fc i\u00e7erisinde kargoya teslim edilir. \u2002\u2002\u2002\u2002\u2002\u00d6zel \u00fcretim veya ithalat \u00fcr\u00fcnlerinde teslimat s\u00fcresi de\u011fi\u015febilir; bu durumda m\u00fc\u015fteri bilgilendirilir. \u2002\u2002\u2002\u2002\u2002T\u00fcm sipari\u015fler anla\u015fmal\u0131 kargo firmas\u0131 [&hellip;]<\/p>","protected":false},"author":6,"featured_media":0,"parent":0,"menu_order":0,"comment_status":"closed","ping_status":"closed","template":"elementor_header_footer","meta":{"_monsterinsights_skip_tracking":false,"_monsterinsights_sitenote_active":false,"_monsterinsights_sitenote_note":"","_monsterinsights_sitenote_category":0,"footnotes":""},"class_list":["post-2076","page","type-page","status-publish","hentry"],"yoast_head":"<!-- This site is optimized with the Yoast SEO plugin v26.7 - https:\/\/yoast.com\/wordpress\/plugins\/seo\/ -->\n<title>Shipping and Cancellation - Bali Decor<\/title>\n<meta name=\"robots\" content=\"index, follow, max-snippet:-1, max-image-preview:large, max-video-preview:-1\" \/>\n<link rel=\"canonical\" href=\"https:\/\/balidecor.net\/en\/shipping-and-cancellation\/\" \/>\n<meta property=\"og:locale\" content=\"en_US\" \/>\n<meta property=\"og:type\" content=\"article\" \/>\n<meta property=\"og:title\" content=\"Shipping and Cancellation - Bali Decor\" \/>\n<meta property=\"og:description\" content=\"Teslimat ve Iptal g\u00fcn Bilgisi Bali Decor olarak m\u00fc\u015fteri memnuniyetini \u00f6n planda tutuyor, sipari\u015flerinizin en h\u0131zl\u0131 ve g\u00fcvenli \u015fekilde size ula\u015fmas\u0131 i\u00e7in \u00f6zenle \u00e7al\u0131\u015f\u0131yoruz. Teslimat Bilgileri \u2002\u2002\u2002\u2002\u2002Sipari\u015fleriniz, \u00f6deme onay\u0131 al\u0131nd\u0131ktan sonra 3-5 i\u015f g\u00fcn\u00fc i\u00e7erisinde kargoya teslim edilir. \u2002\u2002\u2002\u2002\u2002\u00d6zel \u00fcretim veya ithalat \u00fcr\u00fcnlerinde teslimat s\u00fcresi de\u011fi\u015febilir; bu durumda m\u00fc\u015fteri bilgilendirilir. \u2002\u2002\u2002\u2002\u2002T\u00fcm sipari\u015fler anla\u015fmal\u0131 kargo firmas\u0131 [&hellip;]\" \/>\n<meta property=\"og:url\" content=\"https:\/\/balidecor.net\/en\/shipping-and-cancellation\/\" \/>\n<meta property=\"og:site_name\" content=\"Bali Decor\" \/>\n<meta property=\"article:modified_time\" content=\"2025-11-22T07:12:03+00:00\" \/>\n<meta property=\"og:image\" content=\"https:\/\/balidecor.net\/wp-content\/uploads\/2025\/10\/pexels-norma-mortenson-4391476-1024x682.jpg\" \/>\n<meta name=\"twitter:card\" content=\"summary_large_image\" \/>\n<meta name=\"twitter:label1\" content=\"Est. reading time\" \/>\n\t<meta name=\"twitter:data1\" content=\"2 minutes\" \/>\n<script type=\"application\/ld+json\" class=\"yoast-schema-graph\">{\"@context\":\"https:\/\/schema.org\",\"@graph\":[{\"@type\":\"WebPage\",\"@id\":\"https:\/\/balidecor.net\/shipping-and-cancellation\/\",\"url\":\"https:\/\/balidecor.net\/shipping-and-cancellation\/\",\"name\":\"Shipping and Cancellation - Bali Decor\",\"isPartOf\":{\"@id\":\"https:\/\/balidecor.net\/#website\"},\"primaryImageOfPage\":{\"@id\":\"https:\/\/balidecor.net\/shipping-and-cancellation\/#primaryimage\"},\"image\":{\"@id\":\"https:\/\/balidecor.net\/shipping-and-cancellation\/#primaryimage\"},\"thumbnailUrl\":\"https:\/\/balidecor.net\/wp-content\/uploads\/2025\/10\/pexels-norma-mortenson-4391476-1024x682.jpg\",\"datePublished\":\"2025-10-03T12:06:48+00:00\",\"dateModified\":\"2025-11-22T07:12:03+00:00\",\"breadcrumb\":{\"@id\":\"https:\/\/balidecor.net\/shipping-and-cancellation\/#breadcrumb\"},\"inLanguage\":\"en-US\",\"potentialAction\":[{\"@type\":\"ReadAction\",\"target\":[\"https:\/\/balidecor.net\/shipping-and-cancellation\/\"]}]},{\"@type\":\"ImageObject\",\"inLanguage\":\"en-US\",\"@id\":\"https:\/\/balidecor.net\/shipping-and-cancellation\/#primaryimage\",\"url\":\"https:\/\/balidecor.net\/wp-content\/uploads\/2025\/10\/pexels-norma-mortenson-4391476-1024x682.jpg\",\"contentUrl\":\"https:\/\/balidecor.net\/wp-content\/uploads\/2025\/10\/pexels-norma-mortenson-4391476-1024x682.jpg\"},{\"@type\":\"BreadcrumbList\",\"@id\":\"https:\/\/balidecor.net\/shipping-and-cancellation\/#breadcrumb\",\"itemListElement\":[{\"@type\":\"ListItem\",\"position\":1,\"name\":\"Ev\",\"item\":\"https:\/\/balidecor.net\/\"},{\"@type\":\"ListItem\",\"position\":2,\"name\":\"Shipping and Cancellation\"}]},{\"@type\":\"WebSite\",\"@id\":\"https:\/\/balidecor.net\/#website\",\"url\":\"https:\/\/balidecor.net\/\",\"name\":\"Bali Decor\",\"description\":\"\",\"publisher\":{\"@id\":\"https:\/\/balidecor.net\/#organization\"},\"potentialAction\":[{\"@type\":\"SearchAction\",\"target\":{\"@type\":\"EntryPoint\",\"urlTemplate\":\"https:\/\/balidecor.net\/?s={search_term_string}\"},\"query-input\":{\"@type\":\"PropertyValueSpecification\",\"valueRequired\":true,\"valueName\":\"search_term_string\"}}],\"inLanguage\":\"en-US\"},{\"@type\":\"Organization\",\"@id\":\"https:\/\/balidecor.net\/#organization\",\"name\":\"Bali Decor\",\"url\":\"https:\/\/balidecor.net\/\",\"logo\":{\"@type\":\"ImageObject\",\"inLanguage\":\"en-US\",\"@id\":\"https:\/\/balidecor.net\/#\/schema\/logo\/image\/\",\"url\":\"https:\/\/balidecor.net\/wp-content\/uploads\/2024\/02\/cropped-cropped-cropped-Rectangle-3-1-1-2.png\",\"contentUrl\":\"https:\/\/balidecor.net\/wp-content\/uploads\/2024\/02\/cropped-cropped-cropped-Rectangle-3-1-1-2.png\",\"width\":149,\"height\":109,\"caption\":\"Bali Decor\"},\"image\":{\"@id\":\"https:\/\/balidecor.net\/#\/schema\/logo\/image\/\"},\"sameAs\":[\"https:\/\/www.instagram.com\/baliidecor\"]}]}<\/script>\n<!-- \/ Yoast SEO plugin. -->","yoast_head_json":{"title":"Shipping and Cancellation - Bali Decor","robots":{"index":"index","follow":"follow","max-snippet":"max-snippet:-1","max-image-preview":"max-image-preview:large","max-video-preview":"max-video-preview:-1"},"canonical":"https:\/\/balidecor.net\/en\/shipping-and-cancellation\/","og_locale":"en_US","og_type":"article","og_title":"Shipping and Cancellation - Bali Decor","og_description":"Teslimat ve Iptal g\u00fcn Bilgisi Bali Decor olarak m\u00fc\u015fteri memnuniyetini \u00f6n planda tutuyor, sipari\u015flerinizin en h\u0131zl\u0131 ve g\u00fcvenli \u015fekilde size ula\u015fmas\u0131 i\u00e7in \u00f6zenle \u00e7al\u0131\u015f\u0131yoruz. Teslimat Bilgileri \u2002\u2002\u2002\u2002\u2002Sipari\u015fleriniz, \u00f6deme onay\u0131 al\u0131nd\u0131ktan sonra 3-5 i\u015f g\u00fcn\u00fc i\u00e7erisinde kargoya teslim edilir. \u2002\u2002\u2002\u2002\u2002\u00d6zel \u00fcretim veya ithalat \u00fcr\u00fcnlerinde teslimat s\u00fcresi de\u011fi\u015febilir; bu durumda m\u00fc\u015fteri bilgilendirilir. \u2002\u2002\u2002\u2002\u2002T\u00fcm sipari\u015fler anla\u015fmal\u0131 kargo firmas\u0131 [&hellip;]","og_url":"https:\/\/balidecor.net\/en\/shipping-and-cancellation\/","og_site_name":"Bali Decor","article_modified_time":"2025-11-22T07:12:03+00:00","og_image":[{"url":"https:\/\/balidecor.net\/wp-content\/uploads\/2025\/10\/pexels-norma-mortenson-4391476-1024x682.jpg","type":"","width":"","height":""}],"twitter_card":"summary_large_image","twitter_misc":{"Est. reading time":"2 minutes"},"schema":{"@context":"https:\/\/schema.org","@graph":[{"@type":"WebPage","@id":"https:\/\/balidecor.net\/shipping-and-cancellation\/","url":"https:\/\/balidecor.net\/shipping-and-cancellation\/","name":"Shipping and Cancellation - Bali Decor","isPartOf":{"@id":"https:\/\/balidecor.net\/#website"},"primaryImageOfPage":{"@id":"https:\/\/balidecor.net\/shipping-and-cancellation\/#primaryimage"},"image":{"@id":"https:\/\/balidecor.net\/shipping-and-cancellation\/#primaryimage"},"thumbnailUrl":"https:\/\/balidecor.net\/wp-content\/uploads\/2025\/10\/pexels-norma-mortenson-4391476-1024x682.jpg","datePublished":"2025-10-03T12:06:48+00:00","dateModified":"2025-11-22T07:12:03+00:00","breadcrumb":{"@id":"https:\/\/balidecor.net\/shipping-and-cancellation\/#breadcrumb"},"inLanguage":"en-US","potentialAction":[{"@type":"ReadAction","target":["https:\/\/balidecor.net\/shipping-and-cancellation\/"]}]},{"@type":"ImageObject","inLanguage":"en-US","@id":"https:\/\/balidecor.net\/shipping-and-cancellation\/#primaryimage","url":"https:\/\/balidecor.net\/wp-content\/uploads\/2025\/10\/pexels-norma-mortenson-4391476-1024x682.jpg","contentUrl":"https:\/\/balidecor.net\/wp-content\/uploads\/2025\/10\/pexels-norma-mortenson-4391476-1024x682.jpg"},{"@type":"BreadcrumbList","@id":"https:\/\/balidecor.net\/shipping-and-cancellation\/#breadcrumb","itemListElement":[{"@type":"ListItem","position":1,"name":"Ev","item":"https:\/\/balidecor.net\/"},{"@type":"ListItem","position":2,"name":"Shipping and Cancellation"}]},{"@type":"WebSite","@id":"https:\/\/balidecor.net\/#website","url":"https:\/\/balidecor.net\/","name":"Bali Decor","description":"","publisher":{"@id":"https:\/\/balidecor.net\/#organization"},"potentialAction":[{"@type":"SearchAction","target":{"@type":"EntryPoint","urlTemplate":"https:\/\/balidecor.net\/?s={search_term_string}"},"query-input":{"@type":"PropertyValueSpecification","valueRequired":true,"valueName":"search_term_string"}}],"inLanguage":"en-US"},{"@type":"Organization","@id":"https:\/\/balidecor.net\/#organization","name":"Bali Decor","url":"https:\/\/balidecor.net\/","logo":{"@type":"ImageObject","inLanguage":"en-US","@id":"https:\/\/balidecor.net\/#\/schema\/logo\/image\/","url":"https:\/\/balidecor.net\/wp-content\/uploads\/2024\/02\/cropped-cropped-cropped-Rectangle-3-1-1-2.png","contentUrl":"https:\/\/balidecor.net\/wp-content\/uploads\/2024\/02\/cropped-cropped-cropped-Rectangle-3-1-1-2.png","width":149,"height":109,"caption":"Bali Decor"},"image":{"@id":"https:\/\/balidecor.net\/#\/schema\/logo\/image\/"},"sameAs":["https:\/\/www.instagram.com\/baliidecor"]}]}},"_links":{"self":[{"href":"https:\/\/balidecor.net\/en\/wp-json\/wp\/v2\/pages\/2076","targetHints":{"allow":["GET"]}}],"collection":[{"href":"https:\/\/balidecor.net\/en\/wp-json\/wp\/v2\/pages"}],"about":[{"href":"https:\/\/balidecor.net\/en\/wp-json\/wp\/v2\/types\/page"}],"author":[{"embeddable":true,"href":"https:\/\/balidecor.net\/en\/wp-json\/wp\/v2\/users\/6"}],"replies":[{"embeddable":true,"href":"https:\/\/balidecor.net\/en\/wp-json\/wp\/v2\/comments?post=2076"}],"version-history":[{"count":26,"href":"https:\/\/balidecor.net\/en\/wp-json\/wp\/v2\/pages\/2076\/revisions"}],"predecessor-version":[{"id":2450,"href":"https:\/\/balidecor.net\/en\/wp-json\/wp\/v2\/pages\/2076\/revisions\/2450"}],"wp:attachment":[{"href":"https:\/\/balidecor.net\/en\/wp-json\/wp\/v2\/media?parent=2076"}],"curies":[{"name":"wp","href":"https:\/\/api.w.org\/{rel}","templated":true}]}}