{"id":31,"date":"2023-11-27T06:09:36","date_gmt":"2023-11-27T06:09:36","guid":{"rendered":"https:\/\/balidecor.net\/?page_id=31"},"modified":"2026-01-01T18:48:14","modified_gmt":"2026-01-01T15:48:14","slug":"about-us","status":"publish","type":"page","link":"https:\/\/balidecor.net\/en\/about-us\/","title":{"rendered":"Hakk\u0131m\u0131zda"},"content":{"rendered":"<div data-elementor-type=\"wp-page\" data-elementor-id=\"31\" class=\"elementor elementor-31\" data-elementor-settings=\"{&quot;ha_cmc_init_switcher&quot;:&quot;no&quot;}\" data-elementor-post-type=\"page\">\n\t\t\t\t<div class=\"elementor-element elementor-element-cd4ec97 e-con-full e-flex e-con e-parent\" data-id=\"cd4ec97\" data-element_type=\"container\" data-settings=\"{&quot;_ha_eqh_enable&quot;:false}\">\n\t\t\t\t<div class=\"elementor-element elementor-element-c2aed83 elementor-widget elementor-widget-heading\" data-id=\"c2aed83\" data-element_type=\"widget\" data-widget_type=\"heading.default\">\n\t\t\t\t<div class=\"elementor-widget-container\">\n\t\t\t\t\t<h2 class=\"elementor-heading-title elementor-size-default\">Hakk\u0131m\u0131zda<\/h2>\t\t\t\t<\/div>\n\t\t\t\t<\/div>\n\t\t\t\t<\/div>\n\t\t<div class=\"elementor-element elementor-element-39434e5 e-flex e-con-boxed e-con e-parent\" data-id=\"39434e5\" data-element_type=\"container\" data-settings=\"{&quot;_ha_eqh_enable&quot;:false}\">\n\t\t\t\t\t<div class=\"e-con-inner\">\n\t\t\t\t<div class=\"elementor-element elementor-element-ae218de elementor-widget elementor-widget-heading\" data-id=\"ae218de\" data-element_type=\"widget\" data-widget_type=\"heading.default\">\n\t\t\t\t<div class=\"elementor-widget-container\">\n\t\t\t\t\t<h2 class=\"elementor-heading-title elementor-size-default\">Bali Decor,do\u011fan\u0131n sundu\u011fu g\u00fczellikleri ve geleneksel el i\u015f\u00e7ili\u011fini modern ya\u015famla bulu\u015fturan bir markad\u0131r.\nBizim i\u00e7in her par\u00e7a, yaln\u0131zca bir dekorasyon \u00fcr\u00fcn\u00fc de\u011fil; s\u00fcrd\u00fcr\u00fclebilir malzemelerle \u015fekillenen, ya\u015fam alanlar\u0131na s\u0131cakl\u0131k ve huzur katan bir hik\u00e2yedir. \ud83c\udf3f\n\nAmac\u0131m\u0131z, farkl\u0131 k\u00fclt\u00fcrlerin zanaatk\u00e2rl\u0131\u011f\u0131n\u0131 destekleyerek, do\u011fadan ilham alan ve do\u011faya sayg\u0131 ile bu e\u015fsiz \u00fcr\u00fcnleri sizlerle bulu\u015fturmakt\u0131r. El i\u015f\u00e7ili\u011finin kusursuz detaylar\u0131yla haz\u0131rlanan koleksiyonlar\u0131m\u0131z, evinize yaln\u0131zca estetik de\u011fil, ayn\u0131 zamanda ruh ve anlam da katar.\n\nDekorasyon anlay\u0131\u015f\u0131m\u0131z, Bohem ve \u0130skandinav tarzlar\u0131n\u0131n yal\u0131nl\u0131\u011f\u0131yla modern \u00e7izgileri harmanlar. B\u00f6ylece hem \u015f\u0131kl\u0131k hem de huzur veren, zamans\u0131z bir atmosfer yarat\u0131r\u0131z.\n\nBali Decor\u2019da her \u015fey, daha do\u011fal, daha s\u00fcrd\u00fcr\u00fclebilir ve daha huzurlu bir ya\u015fam i\u00e7in tasarlan\u0131r.\n\n\n\n<\/h2>\t\t\t\t<\/div>\n\t\t\t\t<\/div>\n\t\t\t\t\t<\/div>\n\t\t\t\t<\/div>\n\t\t<div class=\"elementor-element elementor-element-0362b94 e-flex e-con-boxed e-con e-parent\" data-id=\"0362b94\" data-element_type=\"container\" data-settings=\"{&quot;_ha_eqh_enable&quot;:false}\">\n\t\t\t\t\t<div class=\"e-con-inner\">\n\t\t<div class=\"elementor-element elementor-element-c4967ff e-con-full e-flex e-con e-child\" data-id=\"c4967ff\" data-element_type=\"container\" data-settings=\"{&quot;_ha_eqh_enable&quot;:false}\">\n\t\t\t\t<div class=\"elementor-element elementor-element-6b5d093 elementor-widget elementor-widget-heading\" data-id=\"6b5d093\" data-element_type=\"widget\" data-widget_type=\"heading.default\">\n\t\t\t\t<div class=\"elementor-widget-container\">\n\t\t\t\t\t<h2 class=\"elementor-heading-title elementor-size-default\">ONLINE DESTEK 7\/24<\/h2>\t\t\t\t<\/div>\n\t\t\t\t<\/div>\n\t\t\t\t<div class=\"elementor-element elementor-element-30b44e7 elementor-widget elementor-widget-image\" data-id=\"30b44e7\" data-element_type=\"widget\" data-widget_type=\"image.default\">\n\t\t\t\t<div class=\"elementor-widget-container\">\n\t\t\t\t\t\t\t\t\t\t\t\t\t\t\t<img decoding=\"async\" width=\"131\" height=\"131\" src=\"https:\/\/balidecor.net\/wp-content\/uploads\/2023\/11\/Group-68.png\" class=\"attachment-large size-large wp-image-107\" alt=\"\" srcset=\"https:\/\/balidecor.net\/wp-content\/uploads\/2023\/11\/Group-68.png 131w, https:\/\/balidecor.net\/wp-content\/uploads\/2023\/11\/Group-68-100x100.png 100w\" sizes=\"(max-width: 131px) 100vw, 131px\" \/>\t\t\t\t\t\t\t\t\t\t\t\t\t\t\t<\/div>\n\t\t\t\t<\/div>\n\t\t\t\t<div class=\"elementor-element elementor-element-2905f8c elementor-widget elementor-widget-heading\" data-id=\"2905f8c\" data-element_type=\"widget\" data-widget_type=\"heading.default\">\n\t\t\t\t<div class=\"elementor-widget-container\">\n\t\t\t\t\t<h2 class=\"elementor-heading-title elementor-size-default\">Sat\u0131n ald\u0131\u011f\u0131n\u0131z \u00fcr\u00fcn ile\nilgili her zaman destege haz\u0131r\u0131z.<\/h2>\t\t\t\t<\/div>\n\t\t\t\t<\/div>\n\t\t\t\t<\/div>\n\t\t<div class=\"elementor-element elementor-element-62f0381 e-con-full e-flex e-con e-child\" data-id=\"62f0381\" data-element_type=\"container\" data-settings=\"{&quot;_ha_eqh_enable&quot;:false}\">\n\t\t\t\t<div class=\"elementor-element elementor-element-85b03cf elementor-widget elementor-widget-heading\" data-id=\"85b03cf\" data-element_type=\"widget\" data-widget_type=\"heading.default\">\n\t\t\t\t<div class=\"elementor-widget-container\">\n\t\t\t\t\t<h2 class=\"elementor-heading-title elementor-size-default\">%100 PARA \u0130ADE<\/h2>\t\t\t\t<\/div>\n\t\t\t\t<\/div>\n\t\t\t\t<div class=\"elementor-element elementor-element-4268534 elementor-widget elementor-widget-image\" data-id=\"4268534\" data-element_type=\"widget\" data-widget_type=\"image.default\">\n\t\t\t\t<div class=\"elementor-widget-container\">\n\t\t\t\t\t\t\t\t\t\t\t\t\t\t\t<img decoding=\"async\" width=\"131\" height=\"131\" src=\"https:\/\/balidecor.net\/wp-content\/uploads\/2025\/11\/Frame-486.png\" class=\"attachment-large size-large wp-image-2414\" alt=\"\" srcset=\"https:\/\/balidecor.net\/wp-content\/uploads\/2025\/11\/Frame-486.png 131w, https:\/\/balidecor.net\/wp-content\/uploads\/2025\/11\/Frame-486-12x12.png 12w, https:\/\/balidecor.net\/wp-content\/uploads\/2025\/11\/Frame-486-100x100.png 100w\" sizes=\"(max-width: 131px) 100vw, 131px\" \/>\t\t\t\t\t\t\t\t\t\t\t\t\t\t\t<\/div>\n\t\t\t\t<\/div>\n\t\t\t\t<div class=\"elementor-element elementor-element-86f6016 elementor-widget elementor-widget-heading\" data-id=\"86f6016\" data-element_type=\"widget\" data-widget_type=\"heading.default\">\n\t\t\t\t<div class=\"elementor-widget-container\">\n\t\t\t\t\t<h2 class=\"elementor-heading-title elementor-size-default\">Sat\u0131n ald\u0131\u011f\u0131n\u0131z \u00fcr\u00fcnlerimiz ile ilgili ya\u015fad\u0131\u011f\u0131n\u0131z \u00fcr\u00fcn kaynakl\u0131 bir problemde \u00f6demenizin tamam\u0131 iade edilecektir.<\/h2>\t\t\t\t<\/div>\n\t\t\t\t<\/div>\n\t\t\t\t<\/div>\n\t\t<div class=\"elementor-element elementor-element-adc6c60 e-con-full e-flex e-con e-child\" data-id=\"adc6c60\" data-element_type=\"container\" data-settings=\"{&quot;_ha_eqh_enable&quot;:false}\">\n\t\t\t\t<div class=\"elementor-element elementor-element-6519e97 elementor-widget elementor-widget-heading\" data-id=\"6519e97\" data-element_type=\"widget\" data-widget_type=\"heading.default\">\n\t\t\t\t<div class=\"elementor-widget-container\">\n\t\t\t\t\t<h2 class=\"elementor-heading-title elementor-size-default\">\u00dcCRETS\u0130Z KARGO<\/h2>\t\t\t\t<\/div>\n\t\t\t\t<\/div>\n\t\t\t\t<div class=\"elementor-element elementor-element-eaf3b24 elementor-widget__width-initial elementor-widget elementor-widget-image\" data-id=\"eaf3b24\" data-element_type=\"widget\" data-widget_type=\"image.default\">\n\t\t\t\t<div class=\"elementor-widget-container\">\n\t\t\t\t\t\t\t\t\t\t\t\t\t\t\t<img decoding=\"async\" width=\"131\" height=\"131\" src=\"https:\/\/balidecor.net\/wp-content\/uploads\/2024\/02\/Group-41.png\" class=\"attachment-large size-large wp-image-901\" alt=\"\" srcset=\"https:\/\/balidecor.net\/wp-content\/uploads\/2024\/02\/Group-41.png 131w, https:\/\/balidecor.net\/wp-content\/uploads\/2024\/02\/Group-41-100x100.png 100w\" sizes=\"(max-width: 131px) 100vw, 131px\" \/>\t\t\t\t\t\t\t\t\t\t\t\t\t\t\t<\/div>\n\t\t\t\t<\/div>\n\t\t\t\t<div class=\"elementor-element elementor-element-b91294a elementor-widget elementor-widget-heading\" data-id=\"b91294a\" data-element_type=\"widget\" data-widget_type=\"heading.default\">\n\t\t\t\t<div class=\"elementor-widget-container\">\n\t\t\t\t\t<h2 class=\"elementor-heading-title elementor-size-default\">\u00dcr\u00fcnlerimizin tamam\u0131nda kargo \u00fccretsizdir.<\/h2>\t\t\t\t<\/div>\n\t\t\t\t<\/div>\n\t\t\t\t<\/div>\n\t\t\t\t\t<\/div>\n\t\t\t\t<\/div>\n\t\t\t\t<\/div>","protected":false},"excerpt":{"rendered":"<p>Hakk\u0131m\u0131zda Bali Decor,do\u011fan\u0131n sundu\u011fu g\u00fczellikleri ve geleneksel el i\u015f\u00e7ili\u011fini modern ya\u015famla bulu\u015fturan bir markad\u0131r. Bizim i\u00e7in her par\u00e7a, yaln\u0131zca bir dekorasyon \u00fcr\u00fcn\u00fc de\u011fil; s\u00fcrd\u00fcr\u00fclebilir malzemelerle \u015fekillenen, ya\u015fam alanlar\u0131na s\u0131cakl\u0131k ve huzur katan bir hik\u00e2yedir. &#x1f33f; Amac\u0131m\u0131z, farkl\u0131 k\u00fclt\u00fcrlerin zanaatk\u00e2rl\u0131\u011f\u0131n\u0131 destekleyerek, do\u011fadan ilham alan ve do\u011faya sayg\u0131 ile bu e\u015fsiz \u00fcr\u00fcnleri sizlerle bulu\u015fturmakt\u0131r. El i\u015f\u00e7ili\u011finin kusursuz [&hellip;]<\/p>","protected":false},"author":1,"featured_media":0,"parent":0,"menu_order":0,"comment_status":"closed","ping_status":"closed","template":"elementor_header_footer","meta":{"_monsterinsights_skip_tracking":false,"_monsterinsights_sitenote_active":false,"_monsterinsights_sitenote_note":"","_monsterinsights_sitenote_category":0,"footnotes":""},"class_list":["post-31","page","type-page","status-publish","hentry"],"yoast_head":"<!-- This site is optimized with the Yoast SEO plugin v26.7 - https:\/\/yoast.com\/wordpress\/plugins\/seo\/ -->\n<title>Hakk\u0131m\u0131zda - Bali Decor<\/title>\n<meta name=\"description\" content=\"T\u00fcrkiye&#039;deki ideal ev dekorasyonu al\u0131\u015fveri\u015f web sitesine ho\u015f geldiniz! Her \u00fcr\u00fcn, kalbinizi ayd\u0131nlatacak \u015fekilde \u00f6zenle haz\u0131rland\u0131!\" \/>\n<meta name=\"robots\" content=\"index, follow, max-snippet:-1, max-image-preview:large, max-video-preview:-1\" \/>\n<link rel=\"canonical\" href=\"https:\/\/balidecor.net\/en\/about-us\/\" \/>\n<meta property=\"og:locale\" content=\"en_US\" \/>\n<meta property=\"og:type\" content=\"article\" \/>\n<meta property=\"og:title\" content=\"Hakk\u0131m\u0131zda - Bali Decor\" \/>\n<meta property=\"og:description\" content=\"T\u00fcrkiye&#039;deki ideal ev dekorasyonu al\u0131\u015fveri\u015f web sitesine ho\u015f geldiniz! Her \u00fcr\u00fcn, kalbinizi ayd\u0131nlatacak \u015fekilde \u00f6zenle haz\u0131rland\u0131!\" \/>\n<meta property=\"og:url\" content=\"https:\/\/balidecor.net\/en\/about-us\/\" \/>\n<meta property=\"og:site_name\" content=\"Bali Decor\" \/>\n<meta property=\"article:modified_time\" content=\"2026-01-01T15:48:14+00:00\" \/>\n<meta property=\"og:image\" content=\"https:\/\/balidecor.net\/wp-content\/uploads\/2023\/11\/Group-68.png\" \/>\n<meta name=\"twitter:card\" content=\"summary_large_image\" \/>\n<meta name=\"twitter:label1\" content=\"Est. reading time\" \/>\n\t<meta name=\"twitter:data1\" content=\"2 minutes\" \/>\n<script type=\"application\/ld+json\" class=\"yoast-schema-graph\">{\"@context\":\"https:\/\/schema.org\",\"@graph\":[{\"@type\":\"WebPage\",\"@id\":\"https:\/\/balidecor.net\/about-us\/\",\"url\":\"https:\/\/balidecor.net\/about-us\/\",\"name\":\"Hakk\u0131m\u0131zda - Bali Decor\",\"isPartOf\":{\"@id\":\"https:\/\/balidecor.net\/#website\"},\"primaryImageOfPage\":{\"@id\":\"https:\/\/balidecor.net\/about-us\/#primaryimage\"},\"image\":{\"@id\":\"https:\/\/balidecor.net\/about-us\/#primaryimage\"},\"thumbnailUrl\":\"https:\/\/balidecor.net\/wp-content\/uploads\/2023\/11\/Group-68.png\",\"datePublished\":\"2023-11-27T06:09:36+00:00\",\"dateModified\":\"2026-01-01T15:48:14+00:00\",\"description\":\"T\u00fcrkiye'deki ideal ev dekorasyonu al\u0131\u015fveri\u015f web sitesine ho\u015f geldiniz! Her \u00fcr\u00fcn, kalbinizi ayd\u0131nlatacak \u015fekilde \u00f6zenle haz\u0131rland\u0131!\",\"breadcrumb\":{\"@id\":\"https:\/\/balidecor.net\/about-us\/#breadcrumb\"},\"inLanguage\":\"en-US\",\"potentialAction\":[{\"@type\":\"ReadAction\",\"target\":[\"https:\/\/balidecor.net\/about-us\/\"]}]},{\"@type\":\"ImageObject\",\"inLanguage\":\"en-US\",\"@id\":\"https:\/\/balidecor.net\/about-us\/#primaryimage\",\"url\":\"https:\/\/balidecor.net\/wp-content\/uploads\/2023\/11\/Group-68.png\",\"contentUrl\":\"https:\/\/balidecor.net\/wp-content\/uploads\/2023\/11\/Group-68.png\"},{\"@type\":\"BreadcrumbList\",\"@id\":\"https:\/\/balidecor.net\/about-us\/#breadcrumb\",\"itemListElement\":[{\"@type\":\"ListItem\",\"position\":1,\"name\":\"Ev\",\"item\":\"https:\/\/balidecor.net\/\"},{\"@type\":\"ListItem\",\"position\":2,\"name\":\"Hakk\u0131m\u0131zda\"}]},{\"@type\":\"WebSite\",\"@id\":\"https:\/\/balidecor.net\/#website\",\"url\":\"https:\/\/balidecor.net\/\",\"name\":\"Bali Decor\",\"description\":\"\",\"publisher\":{\"@id\":\"https:\/\/balidecor.net\/#organization\"},\"potentialAction\":[{\"@type\":\"SearchAction\",\"target\":{\"@type\":\"EntryPoint\",\"urlTemplate\":\"https:\/\/balidecor.net\/?s={search_term_string}\"},\"query-input\":{\"@type\":\"PropertyValueSpecification\",\"valueRequired\":true,\"valueName\":\"search_term_string\"}}],\"inLanguage\":\"en-US\"},{\"@type\":\"Organization\",\"@id\":\"https:\/\/balidecor.net\/#organization\",\"name\":\"Bali Decor\",\"url\":\"https:\/\/balidecor.net\/\",\"logo\":{\"@type\":\"ImageObject\",\"inLanguage\":\"en-US\",\"@id\":\"https:\/\/balidecor.net\/#\/schema\/logo\/image\/\",\"url\":\"https:\/\/balidecor.net\/wp-content\/uploads\/2024\/02\/cropped-cropped-cropped-Rectangle-3-1-1-2.png\",\"contentUrl\":\"https:\/\/balidecor.net\/wp-content\/uploads\/2024\/02\/cropped-cropped-cropped-Rectangle-3-1-1-2.png\",\"width\":149,\"height\":109,\"caption\":\"Bali Decor\"},\"image\":{\"@id\":\"https:\/\/balidecor.net\/#\/schema\/logo\/image\/\"},\"sameAs\":[\"https:\/\/www.instagram.com\/baliidecor\"]}]}<\/script>\n<!-- \/ Yoast SEO plugin. -->","yoast_head_json":{"title":"Hakk\u0131m\u0131zda - Bali Decor","description":"T\u00fcrkiye'deki ideal ev dekorasyonu al\u0131\u015fveri\u015f web sitesine ho\u015f geldiniz! Her \u00fcr\u00fcn, kalbinizi ayd\u0131nlatacak \u015fekilde \u00f6zenle haz\u0131rland\u0131!","robots":{"index":"index","follow":"follow","max-snippet":"max-snippet:-1","max-image-preview":"max-image-preview:large","max-video-preview":"max-video-preview:-1"},"canonical":"https:\/\/balidecor.net\/en\/about-us\/","og_locale":"en_US","og_type":"article","og_title":"Hakk\u0131m\u0131zda - Bali Decor","og_description":"T\u00fcrkiye'deki ideal ev dekorasyonu al\u0131\u015fveri\u015f web sitesine ho\u015f geldiniz! Her \u00fcr\u00fcn, kalbinizi ayd\u0131nlatacak \u015fekilde \u00f6zenle haz\u0131rland\u0131!","og_url":"https:\/\/balidecor.net\/en\/about-us\/","og_site_name":"Bali Decor","article_modified_time":"2026-01-01T15:48:14+00:00","og_image":[{"url":"https:\/\/balidecor.net\/wp-content\/uploads\/2023\/11\/Group-68.png","type":"","width":"","height":""}],"twitter_card":"summary_large_image","twitter_misc":{"Est. reading time":"2 minutes"},"schema":{"@context":"https:\/\/schema.org","@graph":[{"@type":"WebPage","@id":"https:\/\/balidecor.net\/about-us\/","url":"https:\/\/balidecor.net\/about-us\/","name":"Hakk\u0131m\u0131zda - Bali Decor","isPartOf":{"@id":"https:\/\/balidecor.net\/#website"},"primaryImageOfPage":{"@id":"https:\/\/balidecor.net\/about-us\/#primaryimage"},"image":{"@id":"https:\/\/balidecor.net\/about-us\/#primaryimage"},"thumbnailUrl":"https:\/\/balidecor.net\/wp-content\/uploads\/2023\/11\/Group-68.png","datePublished":"2023-11-27T06:09:36+00:00","dateModified":"2026-01-01T15:48:14+00:00","description":"T\u00fcrkiye'deki ideal ev dekorasyonu al\u0131\u015fveri\u015f web sitesine ho\u015f geldiniz! Her \u00fcr\u00fcn, kalbinizi ayd\u0131nlatacak \u015fekilde \u00f6zenle haz\u0131rland\u0131!","breadcrumb":{"@id":"https:\/\/balidecor.net\/about-us\/#breadcrumb"},"inLanguage":"en-US","potentialAction":[{"@type":"ReadAction","target":["https:\/\/balidecor.net\/about-us\/"]}]},{"@type":"ImageObject","inLanguage":"en-US","@id":"https:\/\/balidecor.net\/about-us\/#primaryimage","url":"https:\/\/balidecor.net\/wp-content\/uploads\/2023\/11\/Group-68.png","contentUrl":"https:\/\/balidecor.net\/wp-content\/uploads\/2023\/11\/Group-68.png"},{"@type":"BreadcrumbList","@id":"https:\/\/balidecor.net\/about-us\/#breadcrumb","itemListElement":[{"@type":"ListItem","position":1,"name":"Ev","item":"https:\/\/balidecor.net\/"},{"@type":"ListItem","position":2,"name":"Hakk\u0131m\u0131zda"}]},{"@type":"WebSite","@id":"https:\/\/balidecor.net\/#website","url":"https:\/\/balidecor.net\/","name":"Bali Decor","description":"","publisher":{"@id":"https:\/\/balidecor.net\/#organization"},"potentialAction":[{"@type":"SearchAction","target":{"@type":"EntryPoint","urlTemplate":"https:\/\/balidecor.net\/?s={search_term_string}"},"query-input":{"@type":"PropertyValueSpecification","valueRequired":true,"valueName":"search_term_string"}}],"inLanguage":"en-US"},{"@type":"Organization","@id":"https:\/\/balidecor.net\/#organization","name":"Bali Decor","url":"https:\/\/balidecor.net\/","logo":{"@type":"ImageObject","inLanguage":"en-US","@id":"https:\/\/balidecor.net\/#\/schema\/logo\/image\/","url":"https:\/\/balidecor.net\/wp-content\/uploads\/2024\/02\/cropped-cropped-cropped-Rectangle-3-1-1-2.png","contentUrl":"https:\/\/balidecor.net\/wp-content\/uploads\/2024\/02\/cropped-cropped-cropped-Rectangle-3-1-1-2.png","width":149,"height":109,"caption":"Bali Decor"},"image":{"@id":"https:\/\/balidecor.net\/#\/schema\/logo\/image\/"},"sameAs":["https:\/\/www.instagram.com\/baliidecor"]}]}},"_links":{"self":[{"href":"https:\/\/balidecor.net\/en\/wp-json\/wp\/v2\/pages\/31","targetHints":{"allow":["GET"]}}],"collection":[{"href":"https:\/\/balidecor.net\/en\/wp-json\/wp\/v2\/pages"}],"about":[{"href":"https:\/\/balidecor.net\/en\/wp-json\/wp\/v2\/types\/page"}],"author":[{"embeddable":true,"href":"https:\/\/balidecor.net\/en\/wp-json\/wp\/v2\/users\/1"}],"replies":[{"embeddable":true,"href":"https:\/\/balidecor.net\/en\/wp-json\/wp\/v2\/comments?post=31"}],"version-history":[{"count":116,"href":"https:\/\/balidecor.net\/en\/wp-json\/wp\/v2\/pages\/31\/revisions"}],"predecessor-version":[{"id":2494,"href":"https:\/\/balidecor.net\/en\/wp-json\/wp\/v2\/pages\/31\/revisions\/2494"}],"wp:attachment":[{"href":"https:\/\/balidecor.net\/en\/wp-json\/wp\/v2\/media?parent=31"}],"curies":[{"name":"wp","href":"https:\/\/api.w.org\/{rel}","templated":true}]}}