{"id":33,"date":"2023-11-27T06:10:10","date_gmt":"2023-11-27T06:10:10","guid":{"rendered":"https:\/\/balidecor.net\/?page_id=33"},"modified":"2026-01-11T09:56:05","modified_gmt":"2026-01-11T06:56:05","slug":"contact-us","status":"publish","type":"page","link":"https:\/\/balidecor.net\/en\/contact-us\/","title":{"rendered":"Bize Ula\u015f\u0131n"},"content":{"rendered":"<div data-elementor-type=\"wp-page\" data-elementor-id=\"33\" class=\"elementor elementor-33\" data-elementor-settings=\"{&quot;ha_cmc_init_switcher&quot;:&quot;no&quot;}\" data-elementor-post-type=\"page\">\n\t\t\t\t<div class=\"elementor-element elementor-element-f380738 e-flex e-con-boxed e-con e-parent\" data-id=\"f380738\" data-element_type=\"container\" data-settings=\"{&quot;_ha_eqh_enable&quot;:false}\">\n\t\t\t\t\t<div class=\"e-con-inner\">\n\t\t\t\t<div class=\"elementor-element elementor-element-5dcc281 elementor-widget elementor-widget-heading\" data-id=\"5dcc281\" data-element_type=\"widget\" data-widget_type=\"heading.default\">\n\t\t\t\t<div class=\"elementor-widget-container\">\n\t\t\t\t\t<h2 class=\"elementor-heading-title elementor-size-default\">B\u0130LG\u0130LER\u0130M\u0130Z<\/h2>\t\t\t\t<\/div>\n\t\t\t\t<\/div>\n\t\t\t\t<div class=\"elementor-element elementor-element-783c780 elementor-widget elementor-widget-text-editor\" data-id=\"783c780\" data-element_type=\"widget\" data-widget_type=\"text-editor.default\">\n\t\t\t\t<div class=\"elementor-widget-container\">\n\t\t\t\t\t\t\t\t\t<p>\u00dcr\u00fcnlerimiz ile ilgili yahut herhangi bir soru ile ilgili diledi\u011finiz zaman a\u015fa\u011f\u0131daki ileti\u015fim ara\u00e7lar\u0131n\u0131n herhangi birinden bizlere ula\u015fabilirsiniz.Ayn\u0131 zamanda \u0130nstagram sayfam\u0131zda m\u00fc\u015fteri yorumlar\u0131m\u0131z\u0131 ve sizden gelen payla\u015f\u0131mlar\u0131 inceleyebilirsiniz.<\/p>\t\t\t\t\t\t\t\t<\/div>\n\t\t\t\t<\/div>\n\t\t\t\t\t<\/div>\n\t\t\t\t<\/div>\n\t\t<div class=\"elementor-element elementor-element-7e5d6b5 e-flex e-con-boxed e-con e-parent\" data-id=\"7e5d6b5\" data-element_type=\"container\" data-settings=\"{&quot;_ha_eqh_enable&quot;:false}\">\n\t\t\t\t\t<div class=\"e-con-inner\">\n\t\t<div class=\"elementor-element elementor-element-c7655ad e-con-full e-flex e-con e-child\" data-id=\"c7655ad\" data-element_type=\"container\" data-settings=\"{&quot;_ha_eqh_enable&quot;:false}\">\n\t\t\t\t<div class=\"elementor-element elementor-element-8672f57 elementor-position-left elementor-vertical-align-middle elementor-widget elementor-widget-image-box\" data-id=\"8672f57\" data-element_type=\"widget\" data-widget_type=\"image-box.default\">\n\t\t\t\t<div class=\"elementor-widget-container\">\n\t\t\t\t\t<div class=\"elementor-image-box-wrapper\"><figure class=\"elementor-image-box-img\"><img decoding=\"async\" src=\"https:\/\/balidecor.net\/wp-content\/uploads\/2023\/11\/image-20.png\" title=\"\" alt=\"\" loading=\"lazy\" \/><\/figure><div class=\"elementor-image-box-content\"><h3 class=\"elementor-image-box-title\">ADRES<\/h3><p class=\"elementor-image-box-description\">Kartaltepe Mahallesi Ru\u015fenBey sokak ma\u011faza no:14\/B Bak\u0131rk\u00f6y,  \u0130stanbul\nTurkey<\/p><\/div><\/div>\t\t\t\t<\/div>\n\t\t\t\t<\/div>\n\t\t\t\t<div class=\"elementor-element elementor-element-9fc84f5 elementor-position-left elementor-vertical-align-middle elementor-widget elementor-widget-image-box\" data-id=\"9fc84f5\" data-element_type=\"widget\" data-widget_type=\"image-box.default\">\n\t\t\t\t<div class=\"elementor-widget-container\">\n\t\t\t\t\t<div class=\"elementor-image-box-wrapper\"><figure class=\"elementor-image-box-img\"><img decoding=\"async\" src=\"https:\/\/balidecor.net\/wp-content\/uploads\/2023\/11\/image-21.png\" title=\"\" alt=\"\" loading=\"lazy\" \/><\/figure><div class=\"elementor-image-box-content\"><h3 class=\"elementor-image-box-title\">TELEFON<\/h3><p class=\"elementor-image-box-description\">0532 563 37 95<\/p><\/div><\/div>\t\t\t\t<\/div>\n\t\t\t\t<\/div>\n\t\t\t\t<div class=\"elementor-element elementor-element-7c2d82c elementor-position-left elementor-vertical-align-middle elementor-widget elementor-widget-image-box\" data-id=\"7c2d82c\" data-element_type=\"widget\" data-widget_type=\"image-box.default\">\n\t\t\t\t<div class=\"elementor-widget-container\">\n\t\t\t\t\t<div class=\"elementor-image-box-wrapper\"><figure class=\"elementor-image-box-img\"><img decoding=\"async\" src=\"https:\/\/balidecor.net\/wp-content\/uploads\/2023\/11\/image-22.png\" title=\"\" alt=\"\" loading=\"lazy\" \/><\/figure><div class=\"elementor-image-box-content\"><h3 class=\"elementor-image-box-title\">E-POSTA<\/h3><p class=\"elementor-image-box-description\">info@balidecor.net<\/p><\/div><\/div>\t\t\t\t<\/div>\n\t\t\t\t<\/div>\n\t\t<div class=\"elementor-element elementor-element-3cf54b6 e-con-full e-flex e-con e-child\" data-id=\"3cf54b6\" data-element_type=\"container\" data-settings=\"{&quot;_ha_eqh_enable&quot;:false}\">\n\t\t\t\t<\/div>\n\t\t\t\t<\/div>\n\t\t<div class=\"elementor-element elementor-element-8d10086 e-con-full e-flex e-con e-child\" data-id=\"8d10086\" data-element_type=\"container\" data-settings=\"{&quot;_ha_eqh_enable&quot;:false}\">\n\t\t\t\t<div class=\"elementor-element elementor-element-9ca4a08 elementor-widget elementor-widget-google_maps\" data-id=\"9ca4a08\" data-element_type=\"widget\" data-widget_type=\"google_maps.default\">\n\t\t\t\t<div class=\"elementor-widget-container\">\n\t\t\t\t\t\t\t<div class=\"elementor-custom-embed\">\n\t\t\t<iframe loading=\"lazy\"\n\t\t\t\t\tsrc=\"https:\/\/maps.google.com\/maps?q=XVPH%2BM4%20Bak%C4%B1rk%C3%B6y%2C%20%C4%B0stanbul&#038;t=m&#038;z=10&#038;output=embed&#038;iwloc=near\"\n\t\t\t\t\ttitle=\"XVPH+M4 Bak\u0131rk\u00f6y, \u0130stanbul\"\n\t\t\t\t\taria-label=\"XVPH+M4 Bak\u0131rk\u00f6y, \u0130stanbul\"\n\t\t\t><\/iframe>\n\t\t<\/div>\n\t\t\t\t\t\t<\/div>\n\t\t\t\t<\/div>\n\t\t\t\t<\/div>\n\t\t\t\t\t<\/div>\n\t\t\t\t<\/div>\n\t\t<div class=\"elementor-element elementor-element-3266c1c e-flex e-con-boxed e-con e-parent\" data-id=\"3266c1c\" data-element_type=\"container\" data-settings=\"{&quot;_ha_eqh_enable&quot;:false}\">\n\t\t\t\t\t<div class=\"e-con-inner\">\n\t\t\t\t<div class=\"elementor-element elementor-element-a723974 elementor-widget elementor-widget-heading\" data-id=\"a723974\" data-element_type=\"widget\" data-widget_type=\"heading.default\">\n\t\t\t\t<div class=\"elementor-widget-container\">\n\t\t\t\t\t<h2 class=\"elementor-heading-title elementor-size-default\">\u0130LET\u0130\u015e\u0130MDE KALIN! B\u0130ZE ULA\u015eIN<\/h2>\t\t\t\t<\/div>\n\t\t\t\t<\/div>\n\t\t\t\t<div class=\"elementor-element elementor-element-7ccb6a7 elementor-widget elementor-widget-shortcode\" data-id=\"7ccb6a7\" data-element_type=\"widget\" data-widget_type=\"shortcode.default\">\n\t\t\t\t<div class=\"elementor-widget-container\">\n\t\t\t\t\t\t\t<div class=\"elementor-shortcode\"><div class=\"wpforms-container wpforms-container-full wpforms-render-modern\" id=\"wpforms-1636\"><form id=\"wpforms-form-1636\" class=\"wpforms-validate wpforms-form wpforms-ajax-form\" data-formid=\"1636\" method=\"post\" enctype=\"multipart\/form-data\" action=\"\/en\/wp-json\/wp\/v2\/pages\/33\" data-token=\"3ceba9f82108e623795cf0613762f2a7\" data-token-time=\"1777346875\" data-trp-original-action=\"\/en\/wp-json\/wp\/v2\/pages\/33\"><noscript class=\"wpforms-error-noscript\">Please enable JavaScript in your browser to complete this form.<\/noscript><div class=\"wpforms-hidden\" id=\"wpforms-error-noscript\">Please enable JavaScript in your browser to complete this form.<\/div><div class=\"wpforms-field-container\"><div id=\"wpforms-1636-field_1-container\" class=\"wpforms-field wpforms-field-name\" data-field-id=\"1\"><fieldset><legend class=\"wpforms-field-label\">Ad\u0131 Soyad\u0131 <span class=\"wpforms-required-label\" aria-hidden=\"true\">*<\/span><\/legend><div class=\"wpforms-field-row wpforms-field-medium\"><div class=\"wpforms-field-row-block wpforms-first wpforms-one-half\"><input type=\"text\" id=\"wpforms-1636-field_1\" class=\"wpforms-field-name-first wpforms-field-required\" name=\"wpforms[fields][1][first]\" aria-errormessage=\"wpforms-1636-field_1-error\" required><label for=\"wpforms-1636-field_1\" class=\"wpforms-field-sublabel after\">First<\/label><\/div><div class=\"wpforms-field-row-block wpforms-one-half\"><input type=\"text\" id=\"wpforms-1636-field_1-last\" class=\"wpforms-field-name-last wpforms-field-required\" name=\"wpforms[fields][1][last]\" aria-errormessage=\"wpforms-1636-field_1-last-error\" required><label for=\"wpforms-1636-field_1-last\" class=\"wpforms-field-sublabel after\">Last<\/label><\/div><\/div><\/fieldset><\/div><div id=\"wpforms-1636-field_2-container\" class=\"wpforms-field wpforms-field-email\" data-field-id=\"2\"><label class=\"wpforms-field-label\" for=\"wpforms-1636-field_2\">E-posta <span class=\"wpforms-required-label\" aria-hidden=\"true\">*<\/span><\/label><input type=\"email\" id=\"wpforms-1636-field_2\" class=\"wpforms-field-medium wpforms-field-required\" name=\"wpforms[fields][2]\" spellcheck=\"false\" aria-errormessage=\"wpforms-1636-field_2-error\" required><\/div><div id=\"wpforms-1636-field_3-container\" class=\"wpforms-field wpforms-field-textarea\" data-field-id=\"3\"><label class=\"wpforms-field-label\" for=\"wpforms-1636-field_3\">Yorum veya Mesaj<\/label><textarea id=\"wpforms-1636-field_3\" class=\"wpforms-field-medium\" name=\"wpforms[fields][3]\" aria-errormessage=\"wpforms-1636-field_3-error\" ><\/textarea><\/div><\/div><!-- .wpforms-field-container --><div class=\"wpforms-submit-container\" ><input type=\"hidden\" name=\"wpforms[id]\" value=\"1636\"><input type=\"hidden\" name=\"page_title\" value=\"\"><input type=\"hidden\" name=\"page_url\" value=\"https:\/\/balidecor.net\/en\/wp-json\/wp\/v2\/pages\/33\"><input type=\"hidden\" name=\"url_referer\" value=\"\"><button type=\"submit\" name=\"wpforms[submit]\" id=\"wpforms-submit-1636\" class=\"wpforms-submit\" data-alt-text=\"G\u00f6nderiliyor...\" data-submit-text=\"G\u00f6nder\" aria-live=\"assertive\" value=\"wpforms-submit\">G\u00f6nder<\/button><img decoding=\"async\" src=\"https:\/\/balidecor.net\/wp-content\/plugins\/wpforms-lite\/assets\/images\/submit-spin.svg\" class=\"wpforms-submit-spinner\" style=\"display: none;\" width=\"26\" height=\"26\" alt=\"Loading\"><\/div><input type=\"hidden\" name=\"trp-form-language\" value=\"en\"\/><\/form><\/div>  <!-- .wpforms-container --><\/div>\n\t\t\t\t\t\t<\/div>\n\t\t\t\t<\/div>\n\t\t\t\t\t<\/div>\n\t\t\t\t<\/div>\n\t\t\t\t<\/div>","protected":false},"excerpt":{"rendered":"<p>B\u0130LG\u0130LER\u0130M\u0130Z \u00dcr\u00fcnlerimiz ile ilgili yahut herhangi bir soru ile ilgili diledi\u011finiz zaman a\u015fa\u011f\u0131daki ileti\u015fim ara\u00e7lar\u0131n\u0131n herhangi birinden bizlere ula\u015fabilirsiniz.Ayn\u0131 zamanda \u0130nstagram sayfam\u0131zda m\u00fc\u015fteri yorumlar\u0131m\u0131z\u0131 ve sizden gelen payla\u015f\u0131mlar\u0131 inceleyebilirsiniz. ADRES Kartaltepe Mahallesi Ru\u015fenBey sokak ma\u011faza no:14\/B Bak\u0131rk\u00f6y, \u0130stanbul Turkey TELEFON 0532 563 37 95 E-POSTA info@balidecor.net \u0130LET\u0130\u015e\u0130MDE KALIN! B\u0130ZE ULA\u015eIN<\/p>","protected":false},"author":1,"featured_media":0,"parent":0,"menu_order":0,"comment_status":"closed","ping_status":"closed","template":"elementor_header_footer","meta":{"_monsterinsights_skip_tracking":false,"_monsterinsights_sitenote_active":false,"_monsterinsights_sitenote_note":"","_monsterinsights_sitenote_category":0,"footnotes":""},"class_list":["post-33","page","type-page","status-publish","hentry"],"yoast_head":"<!-- This site is optimized with the Yoast SEO plugin v26.7 - https:\/\/yoast.com\/wordpress\/plugins\/seo\/ -->\n<title>Bize Ula\u015f\u0131n - Bali Decor<\/title>\n<meta name=\"robots\" content=\"index, follow, max-snippet:-1, max-image-preview:large, max-video-preview:-1\" \/>\n<link rel=\"canonical\" href=\"https:\/\/balidecor.net\/en\/contact-us\/\" \/>\n<meta property=\"og:locale\" content=\"en_US\" \/>\n<meta property=\"og:type\" content=\"article\" \/>\n<meta property=\"og:title\" content=\"Bize Ula\u015f\u0131n - Bali Decor\" \/>\n<meta property=\"og:description\" content=\"B\u0130LG\u0130LER\u0130M\u0130Z \u00dcr\u00fcnlerimiz ile ilgili yahut herhangi bir soru ile ilgili diledi\u011finiz zaman a\u015fa\u011f\u0131daki ileti\u015fim ara\u00e7lar\u0131n\u0131n herhangi birinden bizlere ula\u015fabilirsiniz.Ayn\u0131 zamanda \u0130nstagram sayfam\u0131zda m\u00fc\u015fteri yorumlar\u0131m\u0131z\u0131 ve sizden gelen payla\u015f\u0131mlar\u0131 inceleyebilirsiniz. ADRES Kartaltepe Mahallesi Ru\u015fenBey sokak ma\u011faza no:14\/B Bak\u0131rk\u00f6y, \u0130stanbul Turkey TELEFON 0532 563 37 95 E-POSTA info@balidecor.net \u0130LET\u0130\u015e\u0130MDE KALIN! B\u0130ZE ULA\u015eIN\" \/>\n<meta property=\"og:url\" content=\"https:\/\/balidecor.net\/en\/contact-us\/\" \/>\n<meta property=\"og:site_name\" content=\"Bali Decor\" \/>\n<meta property=\"article:modified_time\" content=\"2026-01-11T06:56:05+00:00\" \/>\n<meta property=\"og:image\" content=\"https:\/\/balidecor.net\/wp-content\/uploads\/2023\/11\/image-20.png\" \/>\n<meta name=\"twitter:card\" content=\"summary_large_image\" \/>\n<meta name=\"twitter:label1\" content=\"Est. reading time\" \/>\n\t<meta name=\"twitter:data1\" content=\"1 minute\" \/>\n<script type=\"application\/ld+json\" class=\"yoast-schema-graph\">{\"@context\":\"https:\/\/schema.org\",\"@graph\":[{\"@type\":\"WebPage\",\"@id\":\"https:\/\/balidecor.net\/contact-us\/\",\"url\":\"https:\/\/balidecor.net\/contact-us\/\",\"name\":\"Bize Ula\u015f\u0131n - Bali Decor\",\"isPartOf\":{\"@id\":\"https:\/\/balidecor.net\/#website\"},\"primaryImageOfPage\":{\"@id\":\"https:\/\/balidecor.net\/contact-us\/#primaryimage\"},\"image\":{\"@id\":\"https:\/\/balidecor.net\/contact-us\/#primaryimage\"},\"thumbnailUrl\":\"https:\/\/balidecor.net\/wp-content\/uploads\/2023\/11\/image-20.png\",\"datePublished\":\"2023-11-27T06:10:10+00:00\",\"dateModified\":\"2026-01-11T06:56:05+00:00\",\"breadcrumb\":{\"@id\":\"https:\/\/balidecor.net\/contact-us\/#breadcrumb\"},\"inLanguage\":\"en-US\",\"potentialAction\":[{\"@type\":\"ReadAction\",\"target\":[\"https:\/\/balidecor.net\/contact-us\/\"]}]},{\"@type\":\"ImageObject\",\"inLanguage\":\"en-US\",\"@id\":\"https:\/\/balidecor.net\/contact-us\/#primaryimage\",\"url\":\"https:\/\/balidecor.net\/wp-content\/uploads\/2023\/11\/image-20.png\",\"contentUrl\":\"https:\/\/balidecor.net\/wp-content\/uploads\/2023\/11\/image-20.png\"},{\"@type\":\"BreadcrumbList\",\"@id\":\"https:\/\/balidecor.net\/contact-us\/#breadcrumb\",\"itemListElement\":[{\"@type\":\"ListItem\",\"position\":1,\"name\":\"Ev\",\"item\":\"https:\/\/balidecor.net\/\"},{\"@type\":\"ListItem\",\"position\":2,\"name\":\"Bize Ula\u015f\u0131n\"}]},{\"@type\":\"WebSite\",\"@id\":\"https:\/\/balidecor.net\/#website\",\"url\":\"https:\/\/balidecor.net\/\",\"name\":\"Bali Decor\",\"description\":\"\",\"publisher\":{\"@id\":\"https:\/\/balidecor.net\/#organization\"},\"potentialAction\":[{\"@type\":\"SearchAction\",\"target\":{\"@type\":\"EntryPoint\",\"urlTemplate\":\"https:\/\/balidecor.net\/?s={search_term_string}\"},\"query-input\":{\"@type\":\"PropertyValueSpecification\",\"valueRequired\":true,\"valueName\":\"search_term_string\"}}],\"inLanguage\":\"en-US\"},{\"@type\":\"Organization\",\"@id\":\"https:\/\/balidecor.net\/#organization\",\"name\":\"Bali Decor\",\"url\":\"https:\/\/balidecor.net\/\",\"logo\":{\"@type\":\"ImageObject\",\"inLanguage\":\"en-US\",\"@id\":\"https:\/\/balidecor.net\/#\/schema\/logo\/image\/\",\"url\":\"https:\/\/balidecor.net\/wp-content\/uploads\/2024\/02\/cropped-cropped-cropped-Rectangle-3-1-1-2.png\",\"contentUrl\":\"https:\/\/balidecor.net\/wp-content\/uploads\/2024\/02\/cropped-cropped-cropped-Rectangle-3-1-1-2.png\",\"width\":149,\"height\":109,\"caption\":\"Bali Decor\"},\"image\":{\"@id\":\"https:\/\/balidecor.net\/#\/schema\/logo\/image\/\"},\"sameAs\":[\"https:\/\/www.instagram.com\/baliidecor\"]}]}<\/script>\n<!-- \/ Yoast SEO plugin. -->","yoast_head_json":{"title":"Bize Ula\u015f\u0131n - Bali Decor","robots":{"index":"index","follow":"follow","max-snippet":"max-snippet:-1","max-image-preview":"max-image-preview:large","max-video-preview":"max-video-preview:-1"},"canonical":"https:\/\/balidecor.net\/en\/contact-us\/","og_locale":"en_US","og_type":"article","og_title":"Bize Ula\u015f\u0131n - Bali Decor","og_description":"B\u0130LG\u0130LER\u0130M\u0130Z \u00dcr\u00fcnlerimiz ile ilgili yahut herhangi bir soru ile ilgili diledi\u011finiz zaman a\u015fa\u011f\u0131daki ileti\u015fim ara\u00e7lar\u0131n\u0131n herhangi birinden bizlere ula\u015fabilirsiniz.Ayn\u0131 zamanda \u0130nstagram sayfam\u0131zda m\u00fc\u015fteri yorumlar\u0131m\u0131z\u0131 ve sizden gelen payla\u015f\u0131mlar\u0131 inceleyebilirsiniz. ADRES Kartaltepe Mahallesi Ru\u015fenBey sokak ma\u011faza no:14\/B Bak\u0131rk\u00f6y, \u0130stanbul Turkey TELEFON 0532 563 37 95 E-POSTA info@balidecor.net \u0130LET\u0130\u015e\u0130MDE KALIN! B\u0130ZE ULA\u015eIN","og_url":"https:\/\/balidecor.net\/en\/contact-us\/","og_site_name":"Bali Decor","article_modified_time":"2026-01-11T06:56:05+00:00","og_image":[{"url":"https:\/\/balidecor.net\/wp-content\/uploads\/2023\/11\/image-20.png","type":"","width":"","height":""}],"twitter_card":"summary_large_image","twitter_misc":{"Est. reading time":"1 minute"},"schema":{"@context":"https:\/\/schema.org","@graph":[{"@type":"WebPage","@id":"https:\/\/balidecor.net\/contact-us\/","url":"https:\/\/balidecor.net\/contact-us\/","name":"Bize Ula\u015f\u0131n - Bali Decor","isPartOf":{"@id":"https:\/\/balidecor.net\/#website"},"primaryImageOfPage":{"@id":"https:\/\/balidecor.net\/contact-us\/#primaryimage"},"image":{"@id":"https:\/\/balidecor.net\/contact-us\/#primaryimage"},"thumbnailUrl":"https:\/\/balidecor.net\/wp-content\/uploads\/2023\/11\/image-20.png","datePublished":"2023-11-27T06:10:10+00:00","dateModified":"2026-01-11T06:56:05+00:00","breadcrumb":{"@id":"https:\/\/balidecor.net\/contact-us\/#breadcrumb"},"inLanguage":"en-US","potentialAction":[{"@type":"ReadAction","target":["https:\/\/balidecor.net\/contact-us\/"]}]},{"@type":"ImageObject","inLanguage":"en-US","@id":"https:\/\/balidecor.net\/contact-us\/#primaryimage","url":"https:\/\/balidecor.net\/wp-content\/uploads\/2023\/11\/image-20.png","contentUrl":"https:\/\/balidecor.net\/wp-content\/uploads\/2023\/11\/image-20.png"},{"@type":"BreadcrumbList","@id":"https:\/\/balidecor.net\/contact-us\/#breadcrumb","itemListElement":[{"@type":"ListItem","position":1,"name":"Ev","item":"https:\/\/balidecor.net\/"},{"@type":"ListItem","position":2,"name":"Bize Ula\u015f\u0131n"}]},{"@type":"WebSite","@id":"https:\/\/balidecor.net\/#website","url":"https:\/\/balidecor.net\/","name":"Bali Decor","description":"","publisher":{"@id":"https:\/\/balidecor.net\/#organization"},"potentialAction":[{"@type":"SearchAction","target":{"@type":"EntryPoint","urlTemplate":"https:\/\/balidecor.net\/?s={search_term_string}"},"query-input":{"@type":"PropertyValueSpecification","valueRequired":true,"valueName":"search_term_string"}}],"inLanguage":"en-US"},{"@type":"Organization","@id":"https:\/\/balidecor.net\/#organization","name":"Bali Decor","url":"https:\/\/balidecor.net\/","logo":{"@type":"ImageObject","inLanguage":"en-US","@id":"https:\/\/balidecor.net\/#\/schema\/logo\/image\/","url":"https:\/\/balidecor.net\/wp-content\/uploads\/2024\/02\/cropped-cropped-cropped-Rectangle-3-1-1-2.png","contentUrl":"https:\/\/balidecor.net\/wp-content\/uploads\/2024\/02\/cropped-cropped-cropped-Rectangle-3-1-1-2.png","width":149,"height":109,"caption":"Bali Decor"},"image":{"@id":"https:\/\/balidecor.net\/#\/schema\/logo\/image\/"},"sameAs":["https:\/\/www.instagram.com\/baliidecor"]}]}},"_links":{"self":[{"href":"https:\/\/balidecor.net\/en\/wp-json\/wp\/v2\/pages\/33","targetHints":{"allow":["GET"]}}],"collection":[{"href":"https:\/\/balidecor.net\/en\/wp-json\/wp\/v2\/pages"}],"about":[{"href":"https:\/\/balidecor.net\/en\/wp-json\/wp\/v2\/types\/page"}],"author":[{"embeddable":true,"href":"https:\/\/balidecor.net\/en\/wp-json\/wp\/v2\/users\/1"}],"replies":[{"embeddable":true,"href":"https:\/\/balidecor.net\/en\/wp-json\/wp\/v2\/comments?post=33"}],"version-history":[{"count":166,"href":"https:\/\/balidecor.net\/en\/wp-json\/wp\/v2\/pages\/33\/revisions"}],"predecessor-version":[{"id":3046,"href":"https:\/\/balidecor.net\/en\/wp-json\/wp\/v2\/pages\/33\/revisions\/3046"}],"wp:attachment":[{"href":"https:\/\/balidecor.net\/en\/wp-json\/wp\/v2\/media?parent=33"}],"curies":[{"name":"wp","href":"https:\/\/api.w.org\/{rel}","templated":true}]}}