{"id":1471,"date":"2024-12-02T21:26:33","date_gmt":"2024-12-02T21:26:33","guid":{"rendered":"https:\/\/balidecor.net\/?post_type=product&#038;p=1471"},"modified":"2026-04-02T07:32:03","modified_gmt":"2026-04-02T04:32:03","slug":"ahsap-beyaz-sapkali-ordek-figuru","status":"publish","type":"product","link":"https:\/\/balidecor.net\/en\/products\/ahsap-beyaz-sapkali-ordek-figuru\/","title":{"rendered":"Ah\u015fap Beyaz \u015eapkal\u0131 \u00d6rdek Fig\u00fcr\u00fc"},"content":{"rendered":"<p>Bali Adas\u0131\u2019ndan ithal edilen bu el yap\u0131m\u0131 dekoratif \u00f6rdek, ipek a\u011fac\u0131ndan \u00f6zenle oyulmu\u015f, tamamen el i\u015f\u00e7ili\u011fiyle \u00fcretilmi\u015f \u00f6zel bir tasar\u0131md\u0131r. 37 ila 40 cm aras\u0131nda de\u011fi\u015fen y\u00fcksekli\u011fiyle evinizin her k\u00f6\u015fesine s\u0131cakl\u0131k ve \u015f\u0131kl\u0131k katar. Bah\u00e7e, balkon veya evde dekoratif bir unsur olarak kullan\u0131labilen bu sevimli \u00f6rdek, kap\u0131 \u00f6nlerinde &#8220;Ho\u015f geldiniz&#8221; mesaj\u0131yla misafirlerinize keyifli bir kar\u015f\u0131lama sunar. Farkl\u0131 renk se\u00e7enekleriyle bitkilerinizin aras\u0131nda veya kap\u0131 \u00f6n\u00fc s\u00fcs\u00fc olarak m\u00fckemmel bir dekoratif dokunu\u015f sa\u011flar.<\/p>","protected":false},"excerpt":{"rendered":"<p>Bali Adas\u0131\u2019ndan ithal edilen bu el yap\u0131m\u0131 dekoratif \u00f6rdek, ipek a\u011fac\u0131ndan \u00f6zenle oyulmu\u015f, tamamen el i\u015f\u00e7ili\u011fiyle \u00fcretilmi\u015f \u00f6zel bir tasar\u0131md\u0131r. 37 ila 40 cm aras\u0131nda de\u011fi\u015fen y\u00fcksekli\u011fiyle evinizin her k\u00f6\u015fesine s\u0131cakl\u0131k ve \u015f\u0131kl\u0131k katar. Bah\u00e7e, balkon veya evde dekoratif bir unsur olarak kullan\u0131labilen bu sevimli \u00f6rdek, kap\u0131 \u00f6nlerinde &#8220;Ho\u015f geldiniz&#8221; mesaj\u0131yla misafirlerinize keyifli bir kar\u015f\u0131lama [&hellip;]<\/p>","protected":false},"featured_media":1472,"comment_status":"open","ping_status":"closed","template":"","meta":{"_monsterinsights_skip_tracking":false,"_monsterinsights_sitenote_active":false,"_monsterinsights_sitenote_note":"","_monsterinsights_sitenote_category":0},"product_brand":[],"product_cat":[183],"product_tag":[190,193,191,192],"class_list":{"0":"post-1471","1":"product","2":"type-product","3":"status-publish","4":"has-post-thumbnail","6":"product_cat-biblo","7":"product_tag-ahsap-ordek","8":"product_tag-el-oymasi-ordek","9":"product_tag-el-yapimi-dekoratif-ordek-figuru","10":"product_tag-hos-geldiniz-biblo","12":"first","13":"outofstock","14":"taxable","15":"shipping-taxable","16":"purchasable","17":"product-type-simple"},"yoast_head":"<!-- This site is optimized with the Yoast SEO plugin v26.7 - https:\/\/yoast.com\/wordpress\/plugins\/seo\/ -->\n<title>Ah\u015fap Beyaz \u015eapkal\u0131 \u00d6rdek Fig\u00fcr\u00fc - Bali Decor<\/title>\n<meta name=\"description\" content=\"Bali\u2019den ithal el yap\u0131m\u0131 dekoratif \u00f6rdek, 37-40 cm boyutuyla ev, bah\u00e7e ve balkonlar\u0131n\u0131za \u015f\u0131kl\u0131k kat\u0131yor. Kap\u0131 \u00f6n\u00fcnde &quot;Ho\u015f geldiniz&quot; mesaj\u0131yla fark yarat\u0131n.\" \/>\n<meta name=\"robots\" content=\"index, follow, max-snippet:-1, max-image-preview:large, max-video-preview:-1\" \/>\n<link rel=\"canonical\" href=\"https:\/\/balidecor.net\/en\/products\/ahsap-beyaz-sapkali-ordek-figuru\/\" \/>\n<meta property=\"og:locale\" content=\"en_US\" \/>\n<meta property=\"og:type\" content=\"article\" \/>\n<meta property=\"og:title\" content=\"Ah\u015fap Beyaz \u015eapkal\u0131 \u00d6rdek Fig\u00fcr\u00fc - Bali Decor\" \/>\n<meta property=\"og:description\" content=\"Bali\u2019den ithal el yap\u0131m\u0131 dekoratif \u00f6rdek, 37-40 cm boyutuyla ev, bah\u00e7e ve balkonlar\u0131n\u0131za \u015f\u0131kl\u0131k kat\u0131yor. Kap\u0131 \u00f6n\u00fcnde &quot;Ho\u015f geldiniz&quot; mesaj\u0131yla fark yarat\u0131n.\" \/>\n<meta property=\"og:url\" content=\"https:\/\/balidecor.net\/en\/products\/ahsap-beyaz-sapkali-ordek-figuru\/\" \/>\n<meta property=\"og:site_name\" content=\"Bali Decor\" \/>\n<meta property=\"article:modified_time\" content=\"2026-04-02T04:32:03+00:00\" \/>\n<meta property=\"og:image\" content=\"https:\/\/balidecor.net\/wp-content\/uploads\/2024\/12\/b3-1.png\" \/>\n\t<meta property=\"og:image:width\" content=\"369\" \/>\n\t<meta property=\"og:image:height\" content=\"603\" \/>\n\t<meta property=\"og:image:type\" content=\"image\/png\" \/>\n<meta name=\"twitter:card\" content=\"summary_large_image\" \/>\n<meta name=\"twitter:label1\" content=\"Est. reading time\" \/>\n\t<meta name=\"twitter:data1\" content=\"1 minute\" \/>\n<script type=\"application\/ld+json\" class=\"yoast-schema-graph\">{\"@context\":\"https:\/\/schema.org\",\"@graph\":[{\"@type\":\"WebPage\",\"@id\":\"https:\/\/balidecor.net\/products\/ahsap-beyaz-sapkali-ordek-figuru\/\",\"url\":\"https:\/\/balidecor.net\/products\/ahsap-beyaz-sapkali-ordek-figuru\/\",\"name\":\"Ah\u015fap Beyaz \u015eapkal\u0131 \u00d6rdek Fig\u00fcr\u00fc - Bali Decor\",\"isPartOf\":{\"@id\":\"https:\/\/balidecor.net\/#website\"},\"primaryImageOfPage\":{\"@id\":\"https:\/\/balidecor.net\/products\/ahsap-beyaz-sapkali-ordek-figuru\/#primaryimage\"},\"image\":{\"@id\":\"https:\/\/balidecor.net\/products\/ahsap-beyaz-sapkali-ordek-figuru\/#primaryimage\"},\"thumbnailUrl\":\"https:\/\/balidecor.net\/wp-content\/uploads\/2024\/12\/b3-1.png\",\"datePublished\":\"2024-12-02T21:26:33+00:00\",\"dateModified\":\"2026-04-02T04:32:03+00:00\",\"description\":\"Bali\u2019den ithal el yap\u0131m\u0131 dekoratif \u00f6rdek, 37-40 cm boyutuyla ev, bah\u00e7e ve balkonlar\u0131n\u0131za \u015f\u0131kl\u0131k kat\u0131yor. Kap\u0131 \u00f6n\u00fcnde \\\"Ho\u015f geldiniz\\\" mesaj\u0131yla fark yarat\u0131n.\",\"breadcrumb\":{\"@id\":\"https:\/\/balidecor.net\/products\/ahsap-beyaz-sapkali-ordek-figuru\/#breadcrumb\"},\"inLanguage\":\"en-US\",\"potentialAction\":[{\"@type\":\"ReadAction\",\"target\":[\"https:\/\/balidecor.net\/products\/ahsap-beyaz-sapkali-ordek-figuru\/\"]}]},{\"@type\":\"ImageObject\",\"inLanguage\":\"en-US\",\"@id\":\"https:\/\/balidecor.net\/products\/ahsap-beyaz-sapkali-ordek-figuru\/#primaryimage\",\"url\":\"https:\/\/balidecor.net\/wp-content\/uploads\/2024\/12\/b3-1.png\",\"contentUrl\":\"https:\/\/balidecor.net\/wp-content\/uploads\/2024\/12\/b3-1.png\",\"width\":369,\"height\":603},{\"@type\":\"BreadcrumbList\",\"@id\":\"https:\/\/balidecor.net\/products\/ahsap-beyaz-sapkali-ordek-figuru\/#breadcrumb\",\"itemListElement\":[{\"@type\":\"ListItem\",\"position\":1,\"name\":\"Ev\",\"item\":\"https:\/\/balidecor.net\/\"},{\"@type\":\"ListItem\",\"position\":2,\"name\":\"Shop\",\"item\":\"https:\/\/balidecor.net\/shop\/\"},{\"@type\":\"ListItem\",\"position\":3,\"name\":\"B\u0130BLO\",\"item\":\"https:\/\/balidecor.net\/product-category\/biblo\/\"},{\"@type\":\"ListItem\",\"position\":4,\"name\":\"Ah\u015fap Beyaz \u015eapkal\u0131 \u00d6rdek Fig\u00fcr\u00fc\"}]},{\"@type\":\"WebSite\",\"@id\":\"https:\/\/balidecor.net\/#website\",\"url\":\"https:\/\/balidecor.net\/\",\"name\":\"Bali Decor\",\"description\":\"\",\"publisher\":{\"@id\":\"https:\/\/balidecor.net\/#organization\"},\"potentialAction\":[{\"@type\":\"SearchAction\",\"target\":{\"@type\":\"EntryPoint\",\"urlTemplate\":\"https:\/\/balidecor.net\/?s={search_term_string}\"},\"query-input\":{\"@type\":\"PropertyValueSpecification\",\"valueRequired\":true,\"valueName\":\"search_term_string\"}}],\"inLanguage\":\"en-US\"},{\"@type\":\"Organization\",\"@id\":\"https:\/\/balidecor.net\/#organization\",\"name\":\"Bali Decor\",\"url\":\"https:\/\/balidecor.net\/\",\"logo\":{\"@type\":\"ImageObject\",\"inLanguage\":\"en-US\",\"@id\":\"https:\/\/balidecor.net\/#\/schema\/logo\/image\/\",\"url\":\"https:\/\/balidecor.net\/wp-content\/uploads\/2024\/02\/cropped-cropped-cropped-Rectangle-3-1-1-2.png\",\"contentUrl\":\"https:\/\/balidecor.net\/wp-content\/uploads\/2024\/02\/cropped-cropped-cropped-Rectangle-3-1-1-2.png\",\"width\":149,\"height\":109,\"caption\":\"Bali Decor\"},\"image\":{\"@id\":\"https:\/\/balidecor.net\/#\/schema\/logo\/image\/\"},\"sameAs\":[\"https:\/\/www.instagram.com\/baliidecor\"]}]}<\/script>\n<!-- \/ Yoast SEO plugin. -->","yoast_head_json":{"title":"Ah\u015fap Beyaz \u015eapkal\u0131 \u00d6rdek Fig\u00fcr\u00fc - Bali Decor","description":"Bali\u2019den ithal el yap\u0131m\u0131 dekoratif \u00f6rdek, 37-40 cm boyutuyla ev, bah\u00e7e ve balkonlar\u0131n\u0131za \u015f\u0131kl\u0131k kat\u0131yor. Kap\u0131 \u00f6n\u00fcnde \"Ho\u015f geldiniz\" mesaj\u0131yla fark yarat\u0131n.","robots":{"index":"index","follow":"follow","max-snippet":"max-snippet:-1","max-image-preview":"max-image-preview:large","max-video-preview":"max-video-preview:-1"},"canonical":"https:\/\/balidecor.net\/en\/products\/ahsap-beyaz-sapkali-ordek-figuru\/","og_locale":"en_US","og_type":"article","og_title":"Ah\u015fap Beyaz \u015eapkal\u0131 \u00d6rdek Fig\u00fcr\u00fc - Bali Decor","og_description":"Bali\u2019den ithal el yap\u0131m\u0131 dekoratif \u00f6rdek, 37-40 cm boyutuyla ev, bah\u00e7e ve balkonlar\u0131n\u0131za \u015f\u0131kl\u0131k kat\u0131yor. Kap\u0131 \u00f6n\u00fcnde \"Ho\u015f geldiniz\" mesaj\u0131yla fark yarat\u0131n.","og_url":"https:\/\/balidecor.net\/en\/products\/ahsap-beyaz-sapkali-ordek-figuru\/","og_site_name":"Bali Decor","article_modified_time":"2026-04-02T04:32:03+00:00","og_image":[{"width":369,"height":603,"url":"https:\/\/balidecor.net\/wp-content\/uploads\/2024\/12\/b3-1.png","type":"image\/png"}],"twitter_card":"summary_large_image","twitter_misc":{"Est. reading time":"1 minute"},"schema":{"@context":"https:\/\/schema.org","@graph":[{"@type":"WebPage","@id":"https:\/\/balidecor.net\/products\/ahsap-beyaz-sapkali-ordek-figuru\/","url":"https:\/\/balidecor.net\/products\/ahsap-beyaz-sapkali-ordek-figuru\/","name":"Ah\u015fap Beyaz \u015eapkal\u0131 \u00d6rdek Fig\u00fcr\u00fc - Bali Decor","isPartOf":{"@id":"https:\/\/balidecor.net\/#website"},"primaryImageOfPage":{"@id":"https:\/\/balidecor.net\/products\/ahsap-beyaz-sapkali-ordek-figuru\/#primaryimage"},"image":{"@id":"https:\/\/balidecor.net\/products\/ahsap-beyaz-sapkali-ordek-figuru\/#primaryimage"},"thumbnailUrl":"https:\/\/balidecor.net\/wp-content\/uploads\/2024\/12\/b3-1.png","datePublished":"2024-12-02T21:26:33+00:00","dateModified":"2026-04-02T04:32:03+00:00","description":"Bali\u2019den ithal el yap\u0131m\u0131 dekoratif \u00f6rdek, 37-40 cm boyutuyla ev, bah\u00e7e ve balkonlar\u0131n\u0131za \u015f\u0131kl\u0131k kat\u0131yor. Kap\u0131 \u00f6n\u00fcnde \"Ho\u015f geldiniz\" mesaj\u0131yla fark yarat\u0131n.","breadcrumb":{"@id":"https:\/\/balidecor.net\/products\/ahsap-beyaz-sapkali-ordek-figuru\/#breadcrumb"},"inLanguage":"en-US","potentialAction":[{"@type":"ReadAction","target":["https:\/\/balidecor.net\/products\/ahsap-beyaz-sapkali-ordek-figuru\/"]}]},{"@type":"ImageObject","inLanguage":"en-US","@id":"https:\/\/balidecor.net\/products\/ahsap-beyaz-sapkali-ordek-figuru\/#primaryimage","url":"https:\/\/balidecor.net\/wp-content\/uploads\/2024\/12\/b3-1.png","contentUrl":"https:\/\/balidecor.net\/wp-content\/uploads\/2024\/12\/b3-1.png","width":369,"height":603},{"@type":"BreadcrumbList","@id":"https:\/\/balidecor.net\/products\/ahsap-beyaz-sapkali-ordek-figuru\/#breadcrumb","itemListElement":[{"@type":"ListItem","position":1,"name":"Ev","item":"https:\/\/balidecor.net\/"},{"@type":"ListItem","position":2,"name":"Shop","item":"https:\/\/balidecor.net\/shop\/"},{"@type":"ListItem","position":3,"name":"B\u0130BLO","item":"https:\/\/balidecor.net\/product-category\/biblo\/"},{"@type":"ListItem","position":4,"name":"Ah\u015fap Beyaz \u015eapkal\u0131 \u00d6rdek Fig\u00fcr\u00fc"}]},{"@type":"WebSite","@id":"https:\/\/balidecor.net\/#website","url":"https:\/\/balidecor.net\/","name":"Bali Decor","description":"","publisher":{"@id":"https:\/\/balidecor.net\/#organization"},"potentialAction":[{"@type":"SearchAction","target":{"@type":"EntryPoint","urlTemplate":"https:\/\/balidecor.net\/?s={search_term_string}"},"query-input":{"@type":"PropertyValueSpecification","valueRequired":true,"valueName":"search_term_string"}}],"inLanguage":"en-US"},{"@type":"Organization","@id":"https:\/\/balidecor.net\/#organization","name":"Bali Decor","url":"https:\/\/balidecor.net\/","logo":{"@type":"ImageObject","inLanguage":"en-US","@id":"https:\/\/balidecor.net\/#\/schema\/logo\/image\/","url":"https:\/\/balidecor.net\/wp-content\/uploads\/2024\/02\/cropped-cropped-cropped-Rectangle-3-1-1-2.png","contentUrl":"https:\/\/balidecor.net\/wp-content\/uploads\/2024\/02\/cropped-cropped-cropped-Rectangle-3-1-1-2.png","width":149,"height":109,"caption":"Bali Decor"},"image":{"@id":"https:\/\/balidecor.net\/#\/schema\/logo\/image\/"},"sameAs":["https:\/\/www.instagram.com\/baliidecor"]}]}},"_links":{"self":[{"href":"https:\/\/balidecor.net\/en\/wp-json\/wp\/v2\/product\/1471","targetHints":{"allow":["GET"]}}],"collection":[{"href":"https:\/\/balidecor.net\/en\/wp-json\/wp\/v2\/product"}],"about":[{"href":"https:\/\/balidecor.net\/en\/wp-json\/wp\/v2\/types\/product"}],"replies":[{"embeddable":true,"href":"https:\/\/balidecor.net\/en\/wp-json\/wp\/v2\/comments?post=1471"}],"wp:featuredmedia":[{"embeddable":true,"href":"https:\/\/balidecor.net\/en\/wp-json\/wp\/v2\/media\/1472"}],"wp:attachment":[{"href":"https:\/\/balidecor.net\/en\/wp-json\/wp\/v2\/media?parent=1471"}],"wp:term":[{"taxonomy":"product_brand","embeddable":true,"href":"https:\/\/balidecor.net\/en\/wp-json\/wp\/v2\/product_brand?post=1471"},{"taxonomy":"product_cat","embeddable":true,"href":"https:\/\/balidecor.net\/en\/wp-json\/wp\/v2\/product_cat?post=1471"},{"taxonomy":"product_tag","embeddable":true,"href":"https:\/\/balidecor.net\/en\/wp-json\/wp\/v2\/product_tag?post=1471"}],"curies":[{"name":"wp","href":"https:\/\/api.w.org\/{rel}","templated":true}]}}