{"id":1506,"date":"2024-12-02T22:03:11","date_gmt":"2024-12-02T22:03:11","guid":{"rendered":"https:\/\/balidecor.net\/?post_type=product&#038;p=1506"},"modified":"2026-04-02T07:31:21","modified_gmt":"2026-04-02T04:31:21","slug":"rattan-3lu-orta-sehpa-seti-60-50-40-cm","status":"publish","type":"product","link":"https:\/\/balidecor.net\/en\/products\/rattan-3lu-orta-sehpa-seti-60-50-40-cm\/","title":{"rendered":"Do\u011fal Rattan Zigon Sehpa Tak\u0131m\u0131..."},"content":{"rendered":"<p>Do\u011fal rattan ile tamamen el i\u015f\u00e7ili\u011fiyle \u00fcretilmi\u015f 3\u2019l\u00fc Rattan Sehpa Seti, s\u00fcrd\u00fcr\u00fclebilir ya\u015fam stilini evine ta\u015f\u0131mak isteyenler i\u00e7in \u00f6zel olarak se\u00e7ildi.<br \/>\nBu bohem orta sehpa seti;40 cm, 50 cm ve 60 cm \u00e7aplar\u0131ndaki \u00fc\u00e7 farkl\u0131 sehpa, hem birlikte hem ayr\u0131 ayr\u0131 kullan\u0131labilen pratik bir tasar\u0131ma sahiptir.<\/p>\n<p>Salonun ortas\u0131nda modern bir orta sehpa seti olarak,<br \/>\nbalkonda ya da k\u0131\u015f bah\u00e7esinde dekoratif bir tamamlay\u0131c\u0131,<br \/>\nmisafirler i\u00e7in zigon sehpa,<br \/>\nyata\u011f\u0131n yan\u0131nda komodin,<br \/>\nbir k\u00f6\u015feye \u00e7i\u00e7ek stand\u0131<br \/>\nolarak rahatl\u0131kla kullan\u0131labilir.<\/p>\n<p>Tamamen do\u011fal rattan dokusu, Bali\u2019nin s\u0131cakl\u0131\u011f\u0131n\u0131 ve el sanat\u0131n\u0131n ruhunu ya\u015fam alan\u0131n\u0131za ta\u015f\u0131r. Her bir par\u00e7a el i\u015f\u00e7ili\u011fi oldu\u011fu i\u00e7in formunda k\u00fc\u00e7\u00fck farkl\u0131l\u0131klar olabilir; bu da \u00fcr\u00fcn\u00fc benzersiz k\u0131lar.<\/p>\n<p>\u00d6ne \u00c7\u0131kan \u00d6zellikler<br \/>\n\u2022 %100 do\u011fal rattan<br \/>\n\u2022 El i\u015f\u00e7ili\u011fi \u00fcretim<br \/>\n\u2022 3 farkl\u0131 boy: 40 cm \u2013 50 cm \u2013 60 cm<br \/>\n\u2022 Hafif, kolay ta\u015f\u0131nabilir<br \/>\n\u2022 Sa\u011flam, uzun \u00f6m\u00fcrl\u00fc<br \/>\n\u2022 \u00c7ok ama\u00e7l\u0131 kullan\u0131m alan\u0131<br \/>\n\u2022 S\u00fcrd\u00fcr\u00fclebilir malzeme<br \/>\n\u2022 Modern ve bohem dekorasyona uyumlu<\/p>\n<p>Bu 3\u2019l\u00fc rattan sehpa seti; rattan, bambu ve do\u011fal dokular\u0131 sevenler i\u00e7in m\u00fckemmel bir dekoratif tamamlay\u0131c\u0131d\u0131r. \u00dcr\u00fcn el yap\u0131m\u0131 oldu\u011fu i\u00e7in her par\u00e7a kendine \u00f6zg\u00fcd\u00fcr.<br \/>\nFiyat\u0131m\u0131z kargo dahildir.<\/p>\n<p>&nbsp;<\/p>","protected":false},"excerpt":{"rendered":"<p>Do\u011fal rattan ile tamamen el i\u015f\u00e7ili\u011fiyle \u00fcretilmi\u015f 3\u2019l\u00fc Rattan Sehpa Seti, s\u00fcrd\u00fcr\u00fclebilir ya\u015fam stilini evine ta\u015f\u0131mak isteyenler i\u00e7in \u00f6zel olarak se\u00e7ildi.<br \/>\n40 cm, 50 cm ve 60 cm \u00e7aplar\u0131ndaki \u00fc\u00e7 farkl\u0131 sehpa, hem birlikte hem ayr\u0131 ayr\u0131 kullan\u0131labilen pratik bir tasar\u0131ma sahiptir.<\/p>\n<p>Salonun ortas\u0131nda modern bir orta sehpa seti olarak,<br \/>\nbalkonda ya da k\u0131\u015f bah\u00e7esinde dekoratif bir tamamlay\u0131c\u0131,<br \/>\nmisafirler i\u00e7in zigon sehpa,<br \/>\nbir k\u00f6\u015feye \u00e7i\u00e7ek stand\u0131<br \/>\nolarak rahatl\u0131kla kullan\u0131labilir.<\/p>\n<p>\u00d6ne \u00c7\u0131kan \u00d6zellikler<br \/>\n\u2022 %100 do\u011fal rattan<br \/>\n\u2022 El i\u015f\u00e7ili\u011fi \u00fcretim<br \/>\n\u2022 3 farkl\u0131 boy: 40 cm \u2013 50 cm \u2013 60 cm<br \/>\n\u2022 Hafif, kolay ta\u015f\u0131nabilir<br \/>\n\u2022 Sa\u011flam, uzun \u00f6m\u00fcrl\u00fc<br \/>\n\u2022 \u00c7ok ama\u00e7l\u0131 kullan\u0131m alan\u0131<br \/>\n\u2022 S\u00fcrd\u00fcr\u00fclebilir malzeme<br \/>\n\u2022 Modern &amp; bohem dekorasyona uyumlu<br \/>\nBu bohem \u00fc\u00e7l\u00fc sehpa s\u00fcrd\u00fcr\u00fclebbilir mobilyalar i\u00e7in \u00e7ok g\u00fczel bir \u00f6rnek te\u015fkil eder.<br \/>\nFiyat\u0131m\u0131z kargo dahildir.<\/p>","protected":false},"featured_media":1507,"comment_status":"open","ping_status":"closed","template":"","meta":{"_monsterinsights_skip_tracking":false,"_monsterinsights_sitenote_active":false,"_monsterinsights_sitenote_note":"","_monsterinsights_sitenote_category":0},"product_brand":[],"product_cat":[170,86],"product_tag":[224,222,221,225,223],"class_list":{"0":"post-1506","1":"product","2":"type-product","3":"status-publish","4":"has-post-thumbnail","6":"product_cat-orta-sehpa","7":"product_cat-sehpa","8":"product_tag-dogal-rattan-sehpa","9":"product_tag-el-yapimi-rattan-sehpa","10":"product_tag-rattan-sehpa-seti","11":"product_tag-sehpa-seti","12":"product_tag-zigon-sehpa-seti","14":"first","15":"instock","16":"sale","17":"taxable","18":"shipping-taxable","19":"purchasable","20":"product-type-simple"},"yoast_head":"<!-- This site is optimized with the Yoast SEO plugin v26.7 - https:\/\/yoast.com\/wordpress\/plugins\/seo\/ -->\n<title>Do\u011fal Rattan Zigon Sehpa Tak\u0131m\u0131 -\u00dc\u00e7&#039;l\u00fc - Bali Decor<\/title>\n<meta name=\"description\" content=\"Do\u011fal rattan 3\u2019l\u00fc sehpa seti (60-50-40 cm). Orta sehpa, zigon veya yan sehpa olarak \u00e7ok ama\u00e7l\u0131 kullan\u0131m. Salonunuza \u015f\u0131kl\u0131k ve i\u015flev kat\u0131n.\" \/>\n<meta name=\"robots\" content=\"index, follow, max-snippet:-1, max-image-preview:large, max-video-preview:-1\" \/>\n<link rel=\"canonical\" href=\"https:\/\/balidecor.net\/en\/products\/rattan-3lu-orta-sehpa-seti-60-50-40-cm\/\" \/>\n<meta property=\"og:locale\" content=\"en_US\" \/>\n<meta property=\"og:type\" content=\"article\" \/>\n<meta property=\"og:title\" content=\"Do\u011fal Rattan Zigon Sehpa Tak\u0131m\u0131 -\u00dc\u00e7&#039;l\u00fc - Bali Decor\" \/>\n<meta property=\"og:description\" content=\"Do\u011fal rattan 3\u2019l\u00fc sehpa seti (60-50-40 cm). Orta sehpa, zigon veya yan sehpa olarak \u00e7ok ama\u00e7l\u0131 kullan\u0131m. Salonunuza \u015f\u0131kl\u0131k ve i\u015flev kat\u0131n.\" \/>\n<meta property=\"og:url\" content=\"https:\/\/balidecor.net\/en\/products\/rattan-3lu-orta-sehpa-seti-60-50-40-cm\/\" \/>\n<meta property=\"og:site_name\" content=\"Bali Decor\" \/>\n<meta property=\"article:modified_time\" content=\"2026-04-02T04:31:21+00:00\" \/>\n<meta property=\"og:image\" content=\"https:\/\/balidecor.net\/wp-content\/uploads\/2024\/12\/zs1.png\" \/>\n\t<meta property=\"og:image:width\" content=\"366\" \/>\n\t<meta property=\"og:image:height\" content=\"563\" \/>\n\t<meta property=\"og:image:type\" content=\"image\/png\" \/>\n<meta name=\"twitter:card\" content=\"summary_large_image\" \/>\n<meta name=\"twitter:label1\" content=\"Est. reading time\" \/>\n\t<meta name=\"twitter:data1\" content=\"1 minute\" \/>\n<script type=\"application\/ld+json\" class=\"yoast-schema-graph\">{\"@context\":\"https:\/\/schema.org\",\"@graph\":[{\"@type\":\"WebPage\",\"@id\":\"https:\/\/balidecor.net\/products\/rattan-3lu-orta-sehpa-seti-60-50-40-cm\/\",\"url\":\"https:\/\/balidecor.net\/products\/rattan-3lu-orta-sehpa-seti-60-50-40-cm\/\",\"name\":\"Do\u011fal Rattan Zigon Sehpa Tak\u0131m\u0131 -\u00dc\u00e7'l\u00fc - Bali Decor\",\"isPartOf\":{\"@id\":\"https:\/\/balidecor.net\/#website\"},\"primaryImageOfPage\":{\"@id\":\"https:\/\/balidecor.net\/products\/rattan-3lu-orta-sehpa-seti-60-50-40-cm\/#primaryimage\"},\"image\":{\"@id\":\"https:\/\/balidecor.net\/products\/rattan-3lu-orta-sehpa-seti-60-50-40-cm\/#primaryimage\"},\"thumbnailUrl\":\"https:\/\/balidecor.net\/wp-content\/uploads\/2024\/12\/zs1.png\",\"datePublished\":\"2024-12-02T22:03:11+00:00\",\"dateModified\":\"2026-04-02T04:31:21+00:00\",\"description\":\"Do\u011fal rattan 3\u2019l\u00fc sehpa seti (60-50-40 cm). Orta sehpa, zigon veya yan sehpa olarak \u00e7ok ama\u00e7l\u0131 kullan\u0131m. Salonunuza \u015f\u0131kl\u0131k ve i\u015flev kat\u0131n.\",\"breadcrumb\":{\"@id\":\"https:\/\/balidecor.net\/products\/rattan-3lu-orta-sehpa-seti-60-50-40-cm\/#breadcrumb\"},\"inLanguage\":\"en-US\",\"potentialAction\":[{\"@type\":\"ReadAction\",\"target\":[\"https:\/\/balidecor.net\/products\/rattan-3lu-orta-sehpa-seti-60-50-40-cm\/\"]}]},{\"@type\":\"ImageObject\",\"inLanguage\":\"en-US\",\"@id\":\"https:\/\/balidecor.net\/products\/rattan-3lu-orta-sehpa-seti-60-50-40-cm\/#primaryimage\",\"url\":\"https:\/\/balidecor.net\/wp-content\/uploads\/2024\/12\/zs1.png\",\"contentUrl\":\"https:\/\/balidecor.net\/wp-content\/uploads\/2024\/12\/zs1.png\",\"width\":366,\"height\":563,\"caption\":\"Rattan Yuvarlak \u00dc\u00e7l\u00fc Orta Sehpa\"},{\"@type\":\"BreadcrumbList\",\"@id\":\"https:\/\/balidecor.net\/products\/rattan-3lu-orta-sehpa-seti-60-50-40-cm\/#breadcrumb\",\"itemListElement\":[{\"@type\":\"ListItem\",\"position\":1,\"name\":\"Ev\",\"item\":\"https:\/\/balidecor.net\/\"},{\"@type\":\"ListItem\",\"position\":2,\"name\":\"Shop\",\"item\":\"https:\/\/balidecor.net\/shop\/\"},{\"@type\":\"ListItem\",\"position\":3,\"name\":\"ORTA SEHPA\",\"item\":\"https:\/\/balidecor.net\/product-category\/orta-sehpa\/\"},{\"@type\":\"ListItem\",\"position\":4,\"name\":\"Do\u011fal Rattan Zigon Sehpa Tak\u0131m\u0131...\"}]},{\"@type\":\"WebSite\",\"@id\":\"https:\/\/balidecor.net\/#website\",\"url\":\"https:\/\/balidecor.net\/\",\"name\":\"Bali Decor\",\"description\":\"\",\"publisher\":{\"@id\":\"https:\/\/balidecor.net\/#organization\"},\"potentialAction\":[{\"@type\":\"SearchAction\",\"target\":{\"@type\":\"EntryPoint\",\"urlTemplate\":\"https:\/\/balidecor.net\/?s={search_term_string}\"},\"query-input\":{\"@type\":\"PropertyValueSpecification\",\"valueRequired\":true,\"valueName\":\"search_term_string\"}}],\"inLanguage\":\"en-US\"},{\"@type\":\"Organization\",\"@id\":\"https:\/\/balidecor.net\/#organization\",\"name\":\"Bali Decor\",\"url\":\"https:\/\/balidecor.net\/\",\"logo\":{\"@type\":\"ImageObject\",\"inLanguage\":\"en-US\",\"@id\":\"https:\/\/balidecor.net\/#\/schema\/logo\/image\/\",\"url\":\"https:\/\/balidecor.net\/wp-content\/uploads\/2024\/02\/cropped-cropped-cropped-Rectangle-3-1-1-2.png\",\"contentUrl\":\"https:\/\/balidecor.net\/wp-content\/uploads\/2024\/02\/cropped-cropped-cropped-Rectangle-3-1-1-2.png\",\"width\":149,\"height\":109,\"caption\":\"Bali Decor\"},\"image\":{\"@id\":\"https:\/\/balidecor.net\/#\/schema\/logo\/image\/\"},\"sameAs\":[\"https:\/\/www.instagram.com\/baliidecor\"]}]}<\/script>\n<!-- \/ Yoast SEO plugin. -->","yoast_head_json":{"title":"Do\u011fal Rattan Zigon Sehpa Tak\u0131m\u0131 -\u00dc\u00e7'l\u00fc - Bali Decor","description":"Do\u011fal rattan 3\u2019l\u00fc sehpa seti (60-50-40 cm). Orta sehpa, zigon veya yan sehpa olarak \u00e7ok ama\u00e7l\u0131 kullan\u0131m. Salonunuza \u015f\u0131kl\u0131k ve i\u015flev kat\u0131n.","robots":{"index":"index","follow":"follow","max-snippet":"max-snippet:-1","max-image-preview":"max-image-preview:large","max-video-preview":"max-video-preview:-1"},"canonical":"https:\/\/balidecor.net\/en\/products\/rattan-3lu-orta-sehpa-seti-60-50-40-cm\/","og_locale":"en_US","og_type":"article","og_title":"Do\u011fal Rattan Zigon Sehpa Tak\u0131m\u0131 -\u00dc\u00e7'l\u00fc - Bali Decor","og_description":"Do\u011fal rattan 3\u2019l\u00fc sehpa seti (60-50-40 cm). Orta sehpa, zigon veya yan sehpa olarak \u00e7ok ama\u00e7l\u0131 kullan\u0131m. Salonunuza \u015f\u0131kl\u0131k ve i\u015flev kat\u0131n.","og_url":"https:\/\/balidecor.net\/en\/products\/rattan-3lu-orta-sehpa-seti-60-50-40-cm\/","og_site_name":"Bali Decor","article_modified_time":"2026-04-02T04:31:21+00:00","og_image":[{"width":366,"height":563,"url":"https:\/\/balidecor.net\/wp-content\/uploads\/2024\/12\/zs1.png","type":"image\/png"}],"twitter_card":"summary_large_image","twitter_misc":{"Est. reading time":"1 minute"},"schema":{"@context":"https:\/\/schema.org","@graph":[{"@type":"WebPage","@id":"https:\/\/balidecor.net\/products\/rattan-3lu-orta-sehpa-seti-60-50-40-cm\/","url":"https:\/\/balidecor.net\/products\/rattan-3lu-orta-sehpa-seti-60-50-40-cm\/","name":"Do\u011fal Rattan Zigon Sehpa Tak\u0131m\u0131 -\u00dc\u00e7'l\u00fc - Bali Decor","isPartOf":{"@id":"https:\/\/balidecor.net\/#website"},"primaryImageOfPage":{"@id":"https:\/\/balidecor.net\/products\/rattan-3lu-orta-sehpa-seti-60-50-40-cm\/#primaryimage"},"image":{"@id":"https:\/\/balidecor.net\/products\/rattan-3lu-orta-sehpa-seti-60-50-40-cm\/#primaryimage"},"thumbnailUrl":"https:\/\/balidecor.net\/wp-content\/uploads\/2024\/12\/zs1.png","datePublished":"2024-12-02T22:03:11+00:00","dateModified":"2026-04-02T04:31:21+00:00","description":"Do\u011fal rattan 3\u2019l\u00fc sehpa seti (60-50-40 cm). Orta sehpa, zigon veya yan sehpa olarak \u00e7ok ama\u00e7l\u0131 kullan\u0131m. Salonunuza \u015f\u0131kl\u0131k ve i\u015flev kat\u0131n.","breadcrumb":{"@id":"https:\/\/balidecor.net\/products\/rattan-3lu-orta-sehpa-seti-60-50-40-cm\/#breadcrumb"},"inLanguage":"en-US","potentialAction":[{"@type":"ReadAction","target":["https:\/\/balidecor.net\/products\/rattan-3lu-orta-sehpa-seti-60-50-40-cm\/"]}]},{"@type":"ImageObject","inLanguage":"en-US","@id":"https:\/\/balidecor.net\/products\/rattan-3lu-orta-sehpa-seti-60-50-40-cm\/#primaryimage","url":"https:\/\/balidecor.net\/wp-content\/uploads\/2024\/12\/zs1.png","contentUrl":"https:\/\/balidecor.net\/wp-content\/uploads\/2024\/12\/zs1.png","width":366,"height":563,"caption":"Rattan Yuvarlak \u00dc\u00e7l\u00fc Orta Sehpa"},{"@type":"BreadcrumbList","@id":"https:\/\/balidecor.net\/products\/rattan-3lu-orta-sehpa-seti-60-50-40-cm\/#breadcrumb","itemListElement":[{"@type":"ListItem","position":1,"name":"Ev","item":"https:\/\/balidecor.net\/"},{"@type":"ListItem","position":2,"name":"Shop","item":"https:\/\/balidecor.net\/shop\/"},{"@type":"ListItem","position":3,"name":"ORTA SEHPA","item":"https:\/\/balidecor.net\/product-category\/orta-sehpa\/"},{"@type":"ListItem","position":4,"name":"Do\u011fal Rattan Zigon Sehpa Tak\u0131m\u0131..."}]},{"@type":"WebSite","@id":"https:\/\/balidecor.net\/#website","url":"https:\/\/balidecor.net\/","name":"Bali Decor","description":"","publisher":{"@id":"https:\/\/balidecor.net\/#organization"},"potentialAction":[{"@type":"SearchAction","target":{"@type":"EntryPoint","urlTemplate":"https:\/\/balidecor.net\/?s={search_term_string}"},"query-input":{"@type":"PropertyValueSpecification","valueRequired":true,"valueName":"search_term_string"}}],"inLanguage":"en-US"},{"@type":"Organization","@id":"https:\/\/balidecor.net\/#organization","name":"Bali Decor","url":"https:\/\/balidecor.net\/","logo":{"@type":"ImageObject","inLanguage":"en-US","@id":"https:\/\/balidecor.net\/#\/schema\/logo\/image\/","url":"https:\/\/balidecor.net\/wp-content\/uploads\/2024\/02\/cropped-cropped-cropped-Rectangle-3-1-1-2.png","contentUrl":"https:\/\/balidecor.net\/wp-content\/uploads\/2024\/02\/cropped-cropped-cropped-Rectangle-3-1-1-2.png","width":149,"height":109,"caption":"Bali Decor"},"image":{"@id":"https:\/\/balidecor.net\/#\/schema\/logo\/image\/"},"sameAs":["https:\/\/www.instagram.com\/baliidecor"]}]}},"_links":{"self":[{"href":"https:\/\/balidecor.net\/en\/wp-json\/wp\/v2\/product\/1506","targetHints":{"allow":["GET"]}}],"collection":[{"href":"https:\/\/balidecor.net\/en\/wp-json\/wp\/v2\/product"}],"about":[{"href":"https:\/\/balidecor.net\/en\/wp-json\/wp\/v2\/types\/product"}],"replies":[{"embeddable":true,"href":"https:\/\/balidecor.net\/en\/wp-json\/wp\/v2\/comments?post=1506"}],"wp:featuredmedia":[{"embeddable":true,"href":"https:\/\/balidecor.net\/en\/wp-json\/wp\/v2\/media\/1507"}],"wp:attachment":[{"href":"https:\/\/balidecor.net\/en\/wp-json\/wp\/v2\/media?parent=1506"}],"wp:term":[{"taxonomy":"product_brand","embeddable":true,"href":"https:\/\/balidecor.net\/en\/wp-json\/wp\/v2\/product_brand?post=1506"},{"taxonomy":"product_cat","embeddable":true,"href":"https:\/\/balidecor.net\/en\/wp-json\/wp\/v2\/product_cat?post=1506"},{"taxonomy":"product_tag","embeddable":true,"href":"https:\/\/balidecor.net\/en\/wp-json\/wp\/v2\/product_tag?post=1506"}],"curies":[{"name":"wp","href":"https:\/\/api.w.org\/{rel}","templated":true}]}}