{"id":2361,"date":"2025-11-08T19:54:45","date_gmt":"2025-11-08T19:54:45","guid":{"rendered":"https:\/\/balidecor.net\/?post_type=product&#038;p=2361"},"modified":"2026-04-25T08:57:46","modified_gmt":"2026-04-25T05:57:46","slug":"el-yapimi-cam-duvar-vazosu-3-boy-secenekli","status":"publish","type":"product","link":"https:\/\/balidecor.net\/en\/products\/el-yapimi-cam-duvar-vazosu-3-boy-secenekli\/","title":{"rendered":"El Yap\u0131m\u0131 Cam Duvar Vazosu..."},"content":{"rendered":"<p>Do\u011fan\u0131n \u015fekillendirdi\u011fi k\u00fct\u00fckler ve el \u00fcfleme cam\u0131n bulu\u015ftu\u011fu el yap\u0131m\u0131 cam duvar vazosu, duvarlar\u0131n\u0131z\u0131 canl\u0131 bir sanat eserine d\u00f6n\u00fc\u015ft\u00fcr\u00fcr.<\/p>\n<p>Her bir par\u00e7a tamamen el i\u015f\u00e7ili\u011fiyle \u00fcretildi\u011fi i\u00e7in \u00f6l\u00e7\u00fcler yakla\u015f\u0131k olarak de\u011fi\u015fiklik g\u00f6sterebilir.<br \/>\n* K\u00fc\u00e7\u00fck boy: Yakla\u015f\u0131k 10 cm<br \/>\n* Orta boy: Yakla\u015f\u0131k 15 cm<br \/>\n* B\u00fcy\u00fck boy: Yakla\u015f\u0131k 20 cm<\/p>\n<p>Vazonun cam k\u0131sm\u0131, do\u011fal k\u00fct\u00fc\u011f\u00fcn girinti ve \u00e7\u0131k\u0131nt\u0131lar\u0131na g\u00f6re \u015fekillendirilir. Bu y\u00fczden her \u00fcr\u00fcn benzersizdir; t\u0131pk\u0131 do\u011fadaki gibi iki tane ayn\u0131s\u0131 yoktur.<\/p>\n<p>&#x1f56f;&#xfe0f; Kullan\u0131m \u00d6nerileri<br \/>\n\u2013 Duvara bir \u00e7ivi ile asarak dekoratif vazo olarak kullanabilirsiniz.<br \/>\n\u2013 \u0130\u00e7ine kuru \u00e7i\u00e7ek, yapay \u00e7i\u00e7ek veya canl\u0131 bitki yerle\u015ftirebilirsiniz.<br \/>\n\u2013 K\u00fc\u00e7\u00fck tealight mumlar veya LED mumlarla s\u0131cak bir ambiyans olu\u015fturabilirsiniz.<\/p>\n<p>Evinizde salon, antre, koridor, yatak odas\u0131 veya \u00e7al\u0131\u015fma odas\u0131nda do\u011fal ve s\u0131cak bir atmosfer yaratmak i\u00e7in ideal bir par\u00e7ad\u0131r.<\/p>\n<p>Her bir cam duvar vazosu, Bali Decor imzas\u0131 ta\u015f\u0131yan \u00f6zel ve s\u0131n\u0131rl\u0131 say\u0131daki \u00fcretimlerden olu\u015fur.<\/p>","protected":false},"excerpt":{"rendered":"<p>Do\u011fal k\u00fct\u00fck \u00fczerine el \u00fcfleme camdan \u00fcretilen duvar vazosu.<br \/>\n3 farkl\u0131 boy se\u00e7ene\u011fi: k\u00fc\u00e7\u00fck, orta ve b\u00fcy\u00fck.<br \/>\nHer biri el yap\u0131m\u0131 ve benzersizdir; \u00f6l\u00e7\u00fcler yakla\u015f\u0131k 10\u201315\u201320 cm civar\u0131ndad\u0131r.<br \/>\nDuvara asarak \u00e7i\u00e7ek, bitki veya mumla dekoratif olarak kullanabilirsiniz.<\/p>","protected":false},"featured_media":2365,"comment_status":"open","ping_status":"closed","template":"","meta":{"_monsterinsights_skip_tracking":false,"_monsterinsights_sitenote_active":false,"_monsterinsights_sitenote_note":"","_monsterinsights_sitenote_category":0},"product_brand":[],"product_cat":[16],"product_tag":[336,345,243],"class_list":{"0":"post-2361","1":"product","2":"type-product","3":"status-publish","4":"has-post-thumbnail","6":"product_cat-wall-decor","7":"product_tag-boho-duvar-susu","8":"product_tag-duvar-vazosu","9":"product_tag-rattan-duvar-dekoru","10":"pa_size-large","11":"pa_size-medium","12":"pa_size-small","14":"first","15":"outofstock","16":"taxable","17":"shipping-taxable","18":"product-type-variable"},"yoast_head":"<!-- This site is optimized with the Yoast SEO plugin v26.7 - https:\/\/yoast.com\/wordpress\/plugins\/seo\/ -->\n<title>El Yap\u0131m\u0131 Cam Duvar Vazosu \u2013 3 Boy Se\u00e7enekli - Bali Decor<\/title>\n<meta name=\"description\" content=\"El yap\u0131m\u0131 cam duvar vazosu. Do\u011fal k\u00fct\u00fck \u00fczerine \u00fcflenmi\u015f cam tasar\u0131m, 3 farkl\u0131 boy se\u00e7ene\u011fiyle (k\u00fc\u00e7\u00fck, orta, b\u00fcy\u00fck) Bali Dekor\u2019da. S\u0131n\u0131rl\u0131 stok.\" \/>\n<meta name=\"robots\" content=\"index, follow, max-snippet:-1, max-image-preview:large, max-video-preview:-1\" \/>\n<link rel=\"canonical\" href=\"https:\/\/balidecor.net\/en\/products\/el-yapimi-cam-duvar-vazosu-3-boy-secenekli\/\" \/>\n<meta property=\"og:locale\" content=\"en_US\" \/>\n<meta property=\"og:type\" content=\"article\" \/>\n<meta property=\"og:title\" content=\"El Yap\u0131m\u0131 Cam Duvar Vazosu \u2013 3 Boy Se\u00e7enekli - Bali Decor\" \/>\n<meta property=\"og:description\" content=\"El yap\u0131m\u0131 cam duvar vazosu. Do\u011fal k\u00fct\u00fck \u00fczerine \u00fcflenmi\u015f cam tasar\u0131m, 3 farkl\u0131 boy se\u00e7ene\u011fiyle (k\u00fc\u00e7\u00fck, orta, b\u00fcy\u00fck) Bali Dekor\u2019da. S\u0131n\u0131rl\u0131 stok.\" \/>\n<meta property=\"og:url\" content=\"https:\/\/balidecor.net\/en\/products\/el-yapimi-cam-duvar-vazosu-3-boy-secenekli\/\" \/>\n<meta property=\"og:site_name\" content=\"Bali Decor\" \/>\n<meta property=\"article:modified_time\" content=\"2026-04-25T05:57:46+00:00\" \/>\n<meta property=\"og:image\" content=\"https:\/\/balidecor.net\/wp-content\/uploads\/2025\/11\/copy_D4ABD68E-5089-4188-A089-E2443BCDB088-scaled.jpeg\" \/>\n\t<meta property=\"og:image:width\" content=\"1920\" \/>\n\t<meta property=\"og:image:height\" content=\"2560\" \/>\n\t<meta property=\"og:image:type\" content=\"image\/jpeg\" \/>\n<meta name=\"twitter:card\" content=\"summary_large_image\" \/>\n<meta name=\"twitter:label1\" content=\"Est. reading time\" \/>\n\t<meta name=\"twitter:data1\" content=\"1 minute\" \/>\n<script type=\"application\/ld+json\" class=\"yoast-schema-graph\">{\"@context\":\"https:\/\/schema.org\",\"@graph\":[{\"@type\":\"WebPage\",\"@id\":\"https:\/\/balidecor.net\/products\/el-yapimi-cam-duvar-vazosu-3-boy-secenekli\/\",\"url\":\"https:\/\/balidecor.net\/products\/el-yapimi-cam-duvar-vazosu-3-boy-secenekli\/\",\"name\":\"El Yap\u0131m\u0131 Cam Duvar Vazosu \u2013 3 Boy Se\u00e7enekli - Bali Decor\",\"isPartOf\":{\"@id\":\"https:\/\/balidecor.net\/#website\"},\"primaryImageOfPage\":{\"@id\":\"https:\/\/balidecor.net\/products\/el-yapimi-cam-duvar-vazosu-3-boy-secenekli\/#primaryimage\"},\"image\":{\"@id\":\"https:\/\/balidecor.net\/products\/el-yapimi-cam-duvar-vazosu-3-boy-secenekli\/#primaryimage\"},\"thumbnailUrl\":\"https:\/\/balidecor.net\/wp-content\/uploads\/2025\/11\/copy_D4ABD68E-5089-4188-A089-E2443BCDB088-scaled.jpeg\",\"datePublished\":\"2025-11-08T19:54:45+00:00\",\"dateModified\":\"2026-04-25T05:57:46+00:00\",\"description\":\"El yap\u0131m\u0131 cam duvar vazosu. Do\u011fal k\u00fct\u00fck \u00fczerine \u00fcflenmi\u015f cam tasar\u0131m, 3 farkl\u0131 boy se\u00e7ene\u011fiyle (k\u00fc\u00e7\u00fck, orta, b\u00fcy\u00fck) Bali Dekor\u2019da. S\u0131n\u0131rl\u0131 stok.\",\"breadcrumb\":{\"@id\":\"https:\/\/balidecor.net\/products\/el-yapimi-cam-duvar-vazosu-3-boy-secenekli\/#breadcrumb\"},\"inLanguage\":\"en-US\",\"potentialAction\":[{\"@type\":\"ReadAction\",\"target\":[\"https:\/\/balidecor.net\/products\/el-yapimi-cam-duvar-vazosu-3-boy-secenekli\/\"]}]},{\"@type\":\"ImageObject\",\"inLanguage\":\"en-US\",\"@id\":\"https:\/\/balidecor.net\/products\/el-yapimi-cam-duvar-vazosu-3-boy-secenekli\/#primaryimage\",\"url\":\"https:\/\/balidecor.net\/wp-content\/uploads\/2025\/11\/copy_D4ABD68E-5089-4188-A089-E2443BCDB088-scaled.jpeg\",\"contentUrl\":\"https:\/\/balidecor.net\/wp-content\/uploads\/2025\/11\/copy_D4ABD68E-5089-4188-A089-E2443BCDB088-scaled.jpeg\",\"width\":1920,\"height\":2560,\"caption\":\"Do\u011fan\u0131n izlerini ta\u015f\u0131yan, cam ve ah\u015fab\u0131n birle\u015fti\u011fi e\u015fsiz duvar vazosu.\"},{\"@type\":\"BreadcrumbList\",\"@id\":\"https:\/\/balidecor.net\/products\/el-yapimi-cam-duvar-vazosu-3-boy-secenekli\/#breadcrumb\",\"itemListElement\":[{\"@type\":\"ListItem\",\"position\":1,\"name\":\"Ev\",\"item\":\"https:\/\/balidecor.net\/\"},{\"@type\":\"ListItem\",\"position\":2,\"name\":\"Shop\",\"item\":\"https:\/\/balidecor.net\/shop\/\"},{\"@type\":\"ListItem\",\"position\":3,\"name\":\"DUVAR DEKORU\",\"item\":\"https:\/\/balidecor.net\/product-category\/wall-decor\/\"},{\"@type\":\"ListItem\",\"position\":4,\"name\":\"El Yap\u0131m\u0131 Cam Duvar Vazosu...\"}]},{\"@type\":\"WebSite\",\"@id\":\"https:\/\/balidecor.net\/#website\",\"url\":\"https:\/\/balidecor.net\/\",\"name\":\"Bali Decor\",\"description\":\"\",\"publisher\":{\"@id\":\"https:\/\/balidecor.net\/#organization\"},\"potentialAction\":[{\"@type\":\"SearchAction\",\"target\":{\"@type\":\"EntryPoint\",\"urlTemplate\":\"https:\/\/balidecor.net\/?s={search_term_string}\"},\"query-input\":{\"@type\":\"PropertyValueSpecification\",\"valueRequired\":true,\"valueName\":\"search_term_string\"}}],\"inLanguage\":\"en-US\"},{\"@type\":\"Organization\",\"@id\":\"https:\/\/balidecor.net\/#organization\",\"name\":\"Bali Decor\",\"url\":\"https:\/\/balidecor.net\/\",\"logo\":{\"@type\":\"ImageObject\",\"inLanguage\":\"en-US\",\"@id\":\"https:\/\/balidecor.net\/#\/schema\/logo\/image\/\",\"url\":\"https:\/\/balidecor.net\/wp-content\/uploads\/2024\/02\/cropped-cropped-cropped-Rectangle-3-1-1-2.png\",\"contentUrl\":\"https:\/\/balidecor.net\/wp-content\/uploads\/2024\/02\/cropped-cropped-cropped-Rectangle-3-1-1-2.png\",\"width\":149,\"height\":109,\"caption\":\"Bali Decor\"},\"image\":{\"@id\":\"https:\/\/balidecor.net\/#\/schema\/logo\/image\/\"},\"sameAs\":[\"https:\/\/www.instagram.com\/baliidecor\"]}]}<\/script>\n<!-- \/ Yoast SEO plugin. -->","yoast_head_json":{"title":"El Yap\u0131m\u0131 Cam Duvar Vazosu \u2013 3 Boy Se\u00e7enekli - Bali Decor","description":"El yap\u0131m\u0131 cam duvar vazosu. Do\u011fal k\u00fct\u00fck \u00fczerine \u00fcflenmi\u015f cam tasar\u0131m, 3 farkl\u0131 boy se\u00e7ene\u011fiyle (k\u00fc\u00e7\u00fck, orta, b\u00fcy\u00fck) Bali Dekor\u2019da. S\u0131n\u0131rl\u0131 stok.","robots":{"index":"index","follow":"follow","max-snippet":"max-snippet:-1","max-image-preview":"max-image-preview:large","max-video-preview":"max-video-preview:-1"},"canonical":"https:\/\/balidecor.net\/en\/products\/el-yapimi-cam-duvar-vazosu-3-boy-secenekli\/","og_locale":"en_US","og_type":"article","og_title":"El Yap\u0131m\u0131 Cam Duvar Vazosu \u2013 3 Boy Se\u00e7enekli - Bali Decor","og_description":"El yap\u0131m\u0131 cam duvar vazosu. Do\u011fal k\u00fct\u00fck \u00fczerine \u00fcflenmi\u015f cam tasar\u0131m, 3 farkl\u0131 boy se\u00e7ene\u011fiyle (k\u00fc\u00e7\u00fck, orta, b\u00fcy\u00fck) Bali Dekor\u2019da. S\u0131n\u0131rl\u0131 stok.","og_url":"https:\/\/balidecor.net\/en\/products\/el-yapimi-cam-duvar-vazosu-3-boy-secenekli\/","og_site_name":"Bali Decor","article_modified_time":"2026-04-25T05:57:46+00:00","og_image":[{"width":1920,"height":2560,"url":"https:\/\/balidecor.net\/wp-content\/uploads\/2025\/11\/copy_D4ABD68E-5089-4188-A089-E2443BCDB088-scaled.jpeg","type":"image\/jpeg"}],"twitter_card":"summary_large_image","twitter_misc":{"Est. reading time":"1 minute"},"schema":{"@context":"https:\/\/schema.org","@graph":[{"@type":"WebPage","@id":"https:\/\/balidecor.net\/products\/el-yapimi-cam-duvar-vazosu-3-boy-secenekli\/","url":"https:\/\/balidecor.net\/products\/el-yapimi-cam-duvar-vazosu-3-boy-secenekli\/","name":"El Yap\u0131m\u0131 Cam Duvar Vazosu \u2013 3 Boy Se\u00e7enekli - Bali Decor","isPartOf":{"@id":"https:\/\/balidecor.net\/#website"},"primaryImageOfPage":{"@id":"https:\/\/balidecor.net\/products\/el-yapimi-cam-duvar-vazosu-3-boy-secenekli\/#primaryimage"},"image":{"@id":"https:\/\/balidecor.net\/products\/el-yapimi-cam-duvar-vazosu-3-boy-secenekli\/#primaryimage"},"thumbnailUrl":"https:\/\/balidecor.net\/wp-content\/uploads\/2025\/11\/copy_D4ABD68E-5089-4188-A089-E2443BCDB088-scaled.jpeg","datePublished":"2025-11-08T19:54:45+00:00","dateModified":"2026-04-25T05:57:46+00:00","description":"El yap\u0131m\u0131 cam duvar vazosu. Do\u011fal k\u00fct\u00fck \u00fczerine \u00fcflenmi\u015f cam tasar\u0131m, 3 farkl\u0131 boy se\u00e7ene\u011fiyle (k\u00fc\u00e7\u00fck, orta, b\u00fcy\u00fck) Bali Dekor\u2019da. S\u0131n\u0131rl\u0131 stok.","breadcrumb":{"@id":"https:\/\/balidecor.net\/products\/el-yapimi-cam-duvar-vazosu-3-boy-secenekli\/#breadcrumb"},"inLanguage":"en-US","potentialAction":[{"@type":"ReadAction","target":["https:\/\/balidecor.net\/products\/el-yapimi-cam-duvar-vazosu-3-boy-secenekli\/"]}]},{"@type":"ImageObject","inLanguage":"en-US","@id":"https:\/\/balidecor.net\/products\/el-yapimi-cam-duvar-vazosu-3-boy-secenekli\/#primaryimage","url":"https:\/\/balidecor.net\/wp-content\/uploads\/2025\/11\/copy_D4ABD68E-5089-4188-A089-E2443BCDB088-scaled.jpeg","contentUrl":"https:\/\/balidecor.net\/wp-content\/uploads\/2025\/11\/copy_D4ABD68E-5089-4188-A089-E2443BCDB088-scaled.jpeg","width":1920,"height":2560,"caption":"Do\u011fan\u0131n izlerini ta\u015f\u0131yan, cam ve ah\u015fab\u0131n birle\u015fti\u011fi e\u015fsiz duvar vazosu."},{"@type":"BreadcrumbList","@id":"https:\/\/balidecor.net\/products\/el-yapimi-cam-duvar-vazosu-3-boy-secenekli\/#breadcrumb","itemListElement":[{"@type":"ListItem","position":1,"name":"Ev","item":"https:\/\/balidecor.net\/"},{"@type":"ListItem","position":2,"name":"Shop","item":"https:\/\/balidecor.net\/shop\/"},{"@type":"ListItem","position":3,"name":"DUVAR DEKORU","item":"https:\/\/balidecor.net\/product-category\/wall-decor\/"},{"@type":"ListItem","position":4,"name":"El Yap\u0131m\u0131 Cam Duvar Vazosu..."}]},{"@type":"WebSite","@id":"https:\/\/balidecor.net\/#website","url":"https:\/\/balidecor.net\/","name":"Bali Decor","description":"","publisher":{"@id":"https:\/\/balidecor.net\/#organization"},"potentialAction":[{"@type":"SearchAction","target":{"@type":"EntryPoint","urlTemplate":"https:\/\/balidecor.net\/?s={search_term_string}"},"query-input":{"@type":"PropertyValueSpecification","valueRequired":true,"valueName":"search_term_string"}}],"inLanguage":"en-US"},{"@type":"Organization","@id":"https:\/\/balidecor.net\/#organization","name":"Bali Decor","url":"https:\/\/balidecor.net\/","logo":{"@type":"ImageObject","inLanguage":"en-US","@id":"https:\/\/balidecor.net\/#\/schema\/logo\/image\/","url":"https:\/\/balidecor.net\/wp-content\/uploads\/2024\/02\/cropped-cropped-cropped-Rectangle-3-1-1-2.png","contentUrl":"https:\/\/balidecor.net\/wp-content\/uploads\/2024\/02\/cropped-cropped-cropped-Rectangle-3-1-1-2.png","width":149,"height":109,"caption":"Bali Decor"},"image":{"@id":"https:\/\/balidecor.net\/#\/schema\/logo\/image\/"},"sameAs":["https:\/\/www.instagram.com\/baliidecor"]}]}},"_links":{"self":[{"href":"https:\/\/balidecor.net\/en\/wp-json\/wp\/v2\/product\/2361","targetHints":{"allow":["GET"]}}],"collection":[{"href":"https:\/\/balidecor.net\/en\/wp-json\/wp\/v2\/product"}],"about":[{"href":"https:\/\/balidecor.net\/en\/wp-json\/wp\/v2\/types\/product"}],"replies":[{"embeddable":true,"href":"https:\/\/balidecor.net\/en\/wp-json\/wp\/v2\/comments?post=2361"}],"wp:featuredmedia":[{"embeddable":true,"href":"https:\/\/balidecor.net\/en\/wp-json\/wp\/v2\/media\/2365"}],"wp:attachment":[{"href":"https:\/\/balidecor.net\/en\/wp-json\/wp\/v2\/media?parent=2361"}],"wp:term":[{"taxonomy":"product_brand","embeddable":true,"href":"https:\/\/balidecor.net\/en\/wp-json\/wp\/v2\/product_brand?post=2361"},{"taxonomy":"product_cat","embeddable":true,"href":"https:\/\/balidecor.net\/en\/wp-json\/wp\/v2\/product_cat?post=2361"},{"taxonomy":"product_tag","embeddable":true,"href":"https:\/\/balidecor.net\/en\/wp-json\/wp\/v2\/product_tag?post=2361"}],"curies":[{"name":"wp","href":"https:\/\/api.w.org\/{rel}","templated":true}]}}